{"id":85,"date":"2023-11-20T11:30:52","date_gmt":"2023-11-20T11:30:52","guid":{"rendered":"https:\/\/preview.treethemes.com\/rhythm-evolution\/demo1\/?page_id=53"},"modified":"2024-03-27T09:22:59","modified_gmt":"2024-03-27T09:22:59","slug":"home","status":"publish","type":"page","link":"https:\/\/van-thienen.be\/fr\/","title":{"rendered":"Home"},"content":{"rendered":"<div class=\"wpb-content-wrapper\"><div class=\"vc_row wpb_row vc_row-fluid wpb_animate_when_almost_visible wpb_fadeIn fadeIn vc_custom_1711531005182 vc_row-has-fill\"><div class=\"wpb_column vc_column_container vc_col-sm-12\"><div class=\"vc_column-inner\"><div class=\"wpb_wrapper\">\n\t\t\t<!-- START Van Thienen Step out of the Frame REVOLUTION SLIDER 6.6.18 --><p class=\"rs-p-wp-fix\"><\/p>\n\t\t\t<rs-module-wrap id=\"rev_slider_5_1_wrapper\" data-source=\"gallery\" style=\"visibility:hidden;background:#ffffff;padding:35px;\">\n\t\t\t\t<rs-module id=\"rev_slider_5_1\" style=\"\" data-version=\"6.6.18\">\n\t\t\t\t\t<rs-slides style=\"overflow: hidden; position: absolute;\">\n\t\t\t\t\t\t<rs-slide style=\"position: absolute;\" data-key=\"rs-32\" data-title=\"Slide\" data-in=\"o:0;\" data-out=\"a:false;\">\n\t\t\t\t\t\t\t<img decoding=\"async\" src=\"\/\/van-thienen.be\/wp-content\/plugins\/revslider\/public\/assets\/assets\/dummy.png\" alt=\"Van !thienen - Encadrement d&#039;Art\" title=\"Van Thienen\" width=\"1920\" height=\"1080\" class=\"rev-slidebg tp-rs-img rs-lazyload\" data-lazyload=\"\/\/van-thienen.be\/wp-content\/uploads\/revslider\/video-media\/Van-Thienen-Short-V4b_32.jpeg\" data-parallax=\"off\" data-no-retina>\n\t\t\t\t\t\t\t<rs-bgvideo \n\t\t\t\t\t\t\t\tdata-video=\"w:100%;h:100%;nse:false;l:true;ptimer:false;vfc:true;\"\n\t\t\t\t\t\t\t\tdata-mp4=\"\/\/van-thienen.be\/wp-content\/uploads\/2024\/03\/Van-Thienen-Short-V4b.mp4\"\n\t\t\t\t\t\t\t><\/rs-bgvideo>\n<!---->\t\t\t\t\t\t<\/rs-slide>\n\t\t\t\t\t<\/rs-slides>\n\t\t\t\t<\/rs-module>\n\t\t\t\t<script>\n\t\t\t\t\tsetREVStartSize({c: 'rev_slider_5_1',rl:[1240,1024,778,480],el:[1100,777,800,800],gw:[1300,1100,650,650],gh:[1100,777,800,800],type:'standard',justify:'',layout:'fullscreen',offsetContainer:'',offset:'10px',mh:\"0\"});if (window.RS_MODULES!==undefined && window.RS_MODULES.modules!==undefined && window.RS_MODULES.modules[\"revslider51\"]!==undefined) {window.RS_MODULES.modules[\"revslider51\"].once = false;window.revapi5 = undefined;if (window.RS_MODULES.checkMinimal!==undefined) window.RS_MODULES.checkMinimal()}\n\t\t\t\t<\/script>\n\t\t\t<\/rs-module-wrap>\n\t\t\t<!-- END REVOLUTION SLIDER -->\n<div class=\"vc_row wpb_row vc_inner vc_row-fluid absolute-element\"><div class=\"wpb_column vc_column_container vc_col-sm-12\"><div class=\"vc_column-inner\"><div class=\"wpb_wrapper\"><div class=\"vc_icon_element vc_icon_element-outer scroll-down-icon nav-to with-shadow vc_icon_element-align-center vc_icon_element-have-style\"><div class=\"vc_icon_element-inner vc_icon_element-color-custom vc_icon_element-have-style-inner vc_icon_element-size-sm vc_icon_element-style-rounded vc_icon_element-background vc_icon_element-background-color-custom\"  style=\"background-color:rgba(255,255,255,0.9)\"><span class=\"vc_icon_element-icon vc-material vc-material-keyboard_arrow_down\" style=\"color:#111111 !important\"><\/span><a class=\"vc_icon_element-link\" href=\"#rhythm-first-section\"  title=\"\" target=\"_self\"><\/a><\/div><\/div><\/div><\/div><\/div><\/div><\/div><\/div><\/div><\/div><div class=\"vc_row wpb_row vc_row-fluid\"><div class=\"wpb_column vc_column_container vc_col-sm-12\"><div class=\"vc_column-inner\"><div class=\"wpb_wrapper\"><div class=\"ult-spacer spacer-69d9779411353\" data-id=\"69d9779411353\" data-height=\"100\" data-height-mobile=\"25\" data-height-tab=\"\" data-height-tab-portrait=\"25\" data-height-mobile-landscape=\"25\" style=\"clear:both;display:block;\"><\/div><\/div><\/div><\/div><\/div><div id=\"rhythm-first-section\" class=\"vc_row wpb_row vc_row-fluid\"><div class=\"wpb_column vc_column_container vc_col-sm-12\"><div class=\"vc_column-inner\"><div class=\"wpb_wrapper\"><div class=\"vc_empty_space\"   style=\"height: 5px\"><span class=\"vc_empty_space_inner\"><\/span><\/div><\/div><\/div><\/div><\/div><div class=\"vc_row wpb_row vc_row-fluid vc_custom_1708149682927\"><div class=\"wpb_column vc_column_container vc_col-sm-12\"><div class=\"vc_column-inner\"><div class=\"wpb_wrapper\"><div class=\"vc_separator wpb_content_element vc_separator_align_center vc_sep_width_100 vc_sep_pos_align_center vc_separator_no_text vc_sep_color_black\" ><span class=\"vc_sep_holder vc_sep_holder_l\"><span class=\"vc_sep_line\"><\/span><\/span><span class=\"vc_sep_holder vc_sep_holder_r\"><span class=\"vc_sep_line\"><\/span><\/span>\n<\/div><\/div><\/div><\/div><\/div><div class=\"vc_row wpb_row vc_row-fluid wide-ipad\"><div class=\"wpb_animate_when_almost_visible wpb_linesAnimIn linesAnimIn wpb_column vc_column_container vc_col-sm-6\"><div class=\"vc_column-inner vc_custom_1705331717211\"><div class=\"wpb_wrapper\"><h1 style=\"font-size: 2.35em;color: #111111;text-align: left\" class=\"vc_custom_heading\" >La Haute Couture de l'Encadrement<\/h1><div class=\"vc_empty_space\"   style=\"height: 20px\"><span class=\"vc_empty_space_inner\"><\/span><\/div>\n\t<div class=\"wpb_text_column wpb_content_element\" >\n\t\t<div class=\"wpb_wrapper\">\n\t\t\t<p>Depuis 1880, nous sommes l'une des seules maisons belges \u00e0 poss\u00e9der plus de 700 mod\u00e8les exclusifs, fabriqu\u00e9s dans notre atelier bruxellois selon des m\u00e9thodes traditionnelles et ancestrales. L'\u0153il attentif de Vincent Vercheval vous guidera vers le meilleur choix et l'\u00e9quilibre des proportions.<\/p>\n<p>Incarnant un patrimoine artisanal in\u00e9gal\u00e9, la Maison Van Thienen allie des techniques s\u00e9culaires \u00e0 une vision contemporaine de la cr\u00e9ation sur mesure. Au-del\u00e0 de la r\u00e9alisation de cadres minimalistes et contemporains, elle reste sp\u00e9cialis\u00e9e dans la cr\u00e9ation de cadres orn\u00e9s et la restauration de dorures.<\/p>\n<p>Elle redonne vie aux cadres anciens et les int\u00e8gre harmonieusement dans des d\u00e9cors modernes et contemporains.<\/p>\n\n\t\t<\/div>\n\t<\/div>\n<div class=\"vc_empty_space\"   style=\"height: 40px\"><span class=\"vc_empty_space_inner\"><\/span><\/div>\n\t<div class=\"wpb_text_column wpb_content_element\" >\n\t\t<div class=\"wpb_wrapper\">\n\t\t\t<p><a style=\"font-size: 14px;\" href=\"https:\/\/van-thienen.be\/fr\/savoir-faire\/\">SAVOIR-FAIRE<\/a><\/p>\n\n\t\t<\/div>\n\t<\/div>\n<\/div><\/div><\/div><div class=\"wpb_column vc_column_container vc_col-sm-6\"><div class=\"vc_column-inner\"><div class=\"wpb_wrapper\">\n\t<div  class=\"parallax-mousemove wpb_single_image wpb_content_element vc_align_right vc_custom_1708960470520\">\n\t\t\n\t\t\n\t\t<figure class=\"wpb_wrapper vc_figure\">\n\t\t\t<div class=\"vc_single_image-wrapper   vc_box_border_grey\"><img loading=\"lazy\" decoding=\"async\" width=\"732\" height=\"640\" src=\"https:\/\/van-thienen.be\/wp-content\/uploads\/2024\/02\/Haute-Couture-of-framing-1.jpg\" class=\"vc_single_image-img attachment-full\" alt=\"\" title=\"Haute-Couture-of-framing\" srcset=\"https:\/\/van-thienen.be\/wp-content\/uploads\/2024\/02\/Haute-Couture-of-framing-1.jpg 732w, https:\/\/van-thienen.be\/wp-content\/uploads\/2024\/02\/Haute-Couture-of-framing-1-300x262.jpg 300w, https:\/\/van-thienen.be\/wp-content\/uploads\/2024\/02\/Haute-Couture-of-framing-1-14x12.jpg 14w\" sizes=\"(max-width: 732px) 100vw, 732px\" \/><\/div>\n\t\t<\/figure>\n\t<\/div>\n<\/div><\/div><\/div><\/div><div class=\"vc_row wpb_row vc_row-fluid\"><div class=\"wpb_column vc_column_container vc_col-sm-12\"><div class=\"vc_column-inner\"><div class=\"wpb_wrapper\"><div class=\"vc_empty_space\"   style=\"height: 100px\"><span class=\"vc_empty_space_inner\"><\/span><\/div><\/div><\/div><\/div><\/div><div class=\"vc_row wpb_row vc_row-fluid vc_custom_1708149813668\"><div class=\"wpb_column vc_column_container vc_col-sm-12\"><div class=\"vc_column-inner\"><div class=\"wpb_wrapper\"><div class=\"vc_separator wpb_content_element vc_separator_align_center vc_sep_width_100 vc_sep_pos_align_center vc_separator_no_text vc_sep_color_black\" ><span class=\"vc_sep_holder vc_sep_holder_l\"><span class=\"vc_sep_line\"><\/span><\/span><span class=\"vc_sep_holder vc_sep_holder_r\"><span class=\"vc_sep_line\"><\/span><\/span>\n<\/div><\/div><\/div><\/div><\/div><div class=\"vc_row wpb_row vc_row-fluid swap-on-mobile wide-ipad vc_custom_1708149841247\"><div class=\"wpb_column vc_column_container vc_col-sm-6\"><div class=\"vc_column-inner\"><div class=\"wpb_wrapper\">\n\t<div  class=\"parallax-mousemove wpb_single_image wpb_content_element vc_align_left vc_custom_1708960549608\">\n\t\t\n\t\t\n\t\t<figure class=\"wpb_wrapper vc_figure\">\n\t\t\t<div class=\"vc_single_image-wrapper   vc_box_border_grey\"><img loading=\"lazy\" decoding=\"async\" width=\"640\" height=\"718\" src=\"https:\/\/van-thienen.be\/wp-content\/uploads\/2024\/02\/La-Maison-Van-Thienen.jpg\" class=\"vc_single_image-img attachment-full\" alt=\"\" title=\"La-Maison-Van-Thienen\" srcset=\"https:\/\/van-thienen.be\/wp-content\/uploads\/2024\/02\/La-Maison-Van-Thienen.jpg 640w, https:\/\/van-thienen.be\/wp-content\/uploads\/2024\/02\/La-Maison-Van-Thienen-267x300.jpg 267w, https:\/\/van-thienen.be\/wp-content\/uploads\/2024\/02\/La-Maison-Van-Thienen-11x12.jpg 11w\" sizes=\"(max-width: 640px) 100vw, 640px\" \/><\/div>\n\t\t<\/figure>\n\t<\/div>\n<\/div><\/div><\/div><div class=\"wpb_animate_when_almost_visible wpb_linesAnimIn linesAnimIn wpb_column vc_column_container vc_col-sm-6\"><div class=\"vc_column-inner vc_custom_1705400607282\"><div class=\"wpb_wrapper\"><h1 style=\"font-size: 2.35em;color: #111111;text-align: left\" class=\"vc_custom_heading\" >De l'h\u00e9ritage artisanal aux cr\u00e9ations modernes,<br \/>\nle tout \"sur-mesure\".<\/h1><div class=\"vc_empty_space\"   style=\"height: 20px\"><span class=\"vc_empty_space_inner\"><\/span><\/div><h4 style=\"font-size: 1.35em;color: #111111;text-align: left\" class=\"vc_custom_heading\" >Notre mission<\/h4><div class=\"vc_empty_space\"   style=\"height: 20px\"><span class=\"vc_empty_space_inner\"><\/span><\/div>\n\t<div class=\"wpb_text_column wpb_content_element\" >\n\t\t<div class=\"wpb_wrapper\">\n\t\t\t<p>La mission de la Maison Van Thienen est de fournir des cadres haut de gamme depuis 1880, en mettant l'accent sur le service, la qualit\u00e9, la comp\u00e9tence, l'\u00e9l\u00e9gance, et l'artisanat.<\/p>\n<p>Elle se sp\u00e9cialise dans la cr\u00e9ation de cadres contemporains, modernes et anciens en proposant des cr\u00e9ations sur mesure ainsi que des restaurations de dorures. Leur engagement envers la r\u00e9versibilit\u00e9 des interventions et la pr\u00e9servation des \u0153uvres d'art est une part essentielle de leur d\u00e9marche.<\/p>\n<p>N'h\u00e9sitez pas \u00e0 les contacter pour des projets sur mesure et des solutions d'encadrement de haute qualit\u00e9.<\/p>\n\n\t\t<\/div>\n\t<\/div>\n<div class=\"vc_empty_space\"   style=\"height: 40px\"><span class=\"vc_empty_space_inner\"><\/span><\/div>\n\t<div class=\"wpb_text_column wpb_content_element\" >\n\t\t<div class=\"wpb_wrapper\">\n\t\t\t<p><a style=\"font-size: 14px;\" href=\"https:\/\/van-thienen.be\/fr\/la-maison-van-thienen\/\">LA MAISON VAN THIENEN<\/a><\/p>\n\n\t\t<\/div>\n\t<\/div>\n<\/div><\/div><\/div><\/div><div class=\"vc_row wpb_row vc_row-fluid\"><div class=\"wpb_column vc_column_container vc_col-sm-12\"><div class=\"vc_column-inner\"><div class=\"wpb_wrapper\"><div class=\"vc_empty_space\"   style=\"height: 100px\"><span class=\"vc_empty_space_inner\"><\/span><\/div><\/div><\/div><\/div><\/div><div class=\"vc_row wpb_row vc_row-fluid wide-ipad vc_custom_1707218884791 vc_row-has-fill\"><div class=\"wpb_column vc_column_container vc_col-sm-12\"><div class=\"vc_column-inner vc_custom_1707218864500\"><div class=\"wpb_wrapper\"><h1 style=\"font-size: 2em;color: #808080;text-align: center;font-family:Josefin Sans;font-weight:400;font-style:normal\" class=\"vc_custom_heading\" >La Maison Van Thienen est une r\u00e9f\u00e9rence de renomm\u00e9e internationale.<br \/>\nNous avons travaill\u00e9 avec de nombreux artistes, tels queRen\u00e9 Magritte, Paul Delvaux et James Ensor\u2026<\/h1><\/div><\/div><\/div><\/div><!-- Row Backgrounds --><div class=\"upb_color\" data-bg-override=\"0\" data-bg-color=\"#ffffff\" data-fadeout=\"\" data-fadeout-percentage=\"30\" data-parallax-content=\"\" data-parallax-content-sense=\"30\" data-row-effect-mobile-disable=\"true\" data-img-parallax-mobile-disable=\"true\" data-rtl=\"false\"  data-custom-vc-row=\"\"  data-vc=\"7.2\"  data-is_old_vc=\"\"  data-theme-support=\"\"   data-overlay=\"false\" data-overlay-color=\"\" data-overlay-pattern=\"\" data-overlay-pattern-opacity=\"\" data-overlay-pattern-size=\"\"    ><\/div><div class=\"vc_row wpb_row vc_row-fluid\"><div class=\"wpb_column vc_column_container vc_col-sm-12\"><div class=\"vc_column-inner\"><div class=\"wpb_wrapper\"><div class=\"vc_empty_space\"   style=\"height: 100px\"><span class=\"vc_empty_space_inner\"><\/span><\/div><\/div><\/div><\/div><\/div><div data-vc-full-width=\"true\" data-vc-full-width-init=\"false\" data-vc-stretch-content=\"true\" class=\"vc_row wpb_row vc_row-fluid wide-ipad back-img-gal vc_custom_1708175447100 vc_row-has-fill\"><div class=\"wpb_column vc_column_container vc_col-sm-12\"><div class=\"vc_column-inner vc_custom_1707219219551\"><div class=\"wpb_wrapper\"><span id=\"creative-link-wrap-7975\" class=\"ult_main_cl ult-adjust-bottom-margin main-menu-link\" >\n\t \t\t\t<span class=\"ult_crlink\" >\n\t\t\t\t\t<a  data-ultimate-target='#creative-link-wrap-7975 .ult_colorlink'  data-responsive-json-new='{\"font-size\":\"desktop:48px;\",\"line-height\":\"\"}'  href=\"https:\/\/van-thienen.be\/fr\/galerie\/\" title=\"Galerie\"  class=\"ult_colorlink ult-responsive\" style=\"font-family:Josefin Sans;font-weight:normal; \"  data-textcolor=\"#ffffff\" data-texthover=\"#e0e0e0\"data-style=\"\">\n\t\t\t\t\t\t\n\t\t\t\t\t\t<span data-hover=\"Gallery\" style=\"color:#ffffff;;;\" class=\"ult_btn10_span\">Galerie<\/span>\n\t\t\t\t\t\t\n\t\t\t\t\t<\/a>\n\t\t\t\t<\/span>\n\t\t\t<\/span><\/div><\/div><\/div><\/div><div class=\"vc_row-full-width vc_clearfix\"><\/div><!-- Row Backgrounds --><div class=\"upb_bg_img\" data-ultimate-bg=\"url(https:\/\/van-thienen.be\/wp-content\/uploads\/2024\/01\/Reference-Van-Thienen-1.jpg)\" data-image-id=\"id^5601|url^http:\/\/van-thienen.be\/wp-content\/uploads\/2024\/01\/Reference-Van-Thienen-1.jpg|caption^null|alt^null|title^Reference-Van Thienen|description^null\" data-ultimate-bg-style=\"vcpb-default\" data-bg-img-repeat=\"no-repeat\" data-bg-img-size=\"initial\" data-bg-img-position=\"\" data-parallx_sense=\"30\" data-bg-override=\"0\" data-bg_img_attach=\"scroll\" data-upb-overlay-color=\"\" data-upb-bg-animation=\"\" data-fadeout=\"\" data-bg-animation=\"left-animation\" data-bg-animation-type=\"h\" data-animation-repeat=\"repeat\" data-fadeout-percentage=\"30\" data-parallax-content=\"\" data-parallax-content-sense=\"30\" data-row-effect-mobile-disable=\"true\" data-img-parallax-mobile-disable=\"true\" data-rtl=\"false\"  data-custom-vc-row=\"\"  data-vc=\"7.2\"  data-is_old_vc=\"\"  data-theme-support=\"\"   data-overlay=\"false\" data-overlay-color=\"\" data-overlay-pattern=\"\" data-overlay-pattern-opacity=\"\" data-overlay-pattern-size=\"\"    ><\/div><div class=\"vc_row wpb_row vc_row-fluid\"><div class=\"wpb_column vc_column_container vc_col-sm-12\"><div class=\"vc_column-inner\"><div class=\"wpb_wrapper\"><div class=\"vc_empty_space\"   style=\"height: 50px\"><span class=\"vc_empty_space_inner\"><\/span><\/div><\/div><\/div><\/div><\/div>\n<\/div>","protected":false},"excerpt":{"rendered":"The Haute Couture of framing Since 1880, we are one of the few Belgian companies able to propose more than 700 exclusive models, made in our Brussels atelier using traditional, ancestral methods. Vincent Vercheval's attentive eye will guide you towards the best choice and the right balance of proportions. Embodying an unrivalled heritage of craftsmanship, [...]","protected":false},"author":1,"featured_media":0,"parent":0,"menu_order":0,"comment_status":"closed","ping_status":"closed","template":"template-home.php","meta":{"footnotes":""},"yoast_head":"<!-- This site is optimized with the Yoast SEO Premium plugin v20.5 (Yoast SEO v23.3) - https:\/\/yoast.com\/wordpress\/plugins\/seo\/ -->\n<title>Home | Van Thienen<\/title>\n<meta name=\"robots\" content=\"index, follow, max-snippet:-1, max-image-preview:large, max-video-preview:-1\" \/>\n<link rel=\"canonical\" href=\"https:\/\/van-thienen.be\/fr\/\" \/>\n<meta property=\"og:locale\" content=\"fr_FR\" \/>\n<meta property=\"og:type\" content=\"article\" \/>\n<meta property=\"og:title\" content=\"Home\" \/>\n<meta property=\"og:url\" content=\"https:\/\/van-thienen.be\/fr\/\" \/>\n<meta property=\"og:site_name\" content=\"Van Thienen\" \/>\n<meta property=\"article:modified_time\" content=\"2024-03-27T09:22:59+00:00\" \/>\n<meta name=\"twitter:card\" content=\"summary_large_image\" \/>\n<meta name=\"twitter:label1\" content=\"Dur\u00e9e de lecture est.\" \/>\n\t<meta name=\"twitter:data1\" content=\"2 minutes\" \/>\n<script type=\"application\/ld+json\" class=\"yoast-schema-graph\">{\"@context\":\"https:\/\/schema.org\",\"@graph\":[{\"@type\":\"WebPage\",\"@id\":\"https:\/\/van-thienen.be\/\",\"url\":\"https:\/\/van-thienen.be\/\",\"name\":\"Home | Van Thienen\",\"isPartOf\":{\"@id\":\"https:\/\/van-thienen.be\/#website\"},\"datePublished\":\"2023-11-20T11:30:52+00:00\",\"dateModified\":\"2024-03-27T09:22:59+00:00\",\"breadcrumb\":{\"@id\":\"https:\/\/van-thienen.be\/#breadcrumb\"},\"inLanguage\":\"fr-BE\",\"potentialAction\":[{\"@type\":\"ReadAction\",\"target\":[\"https:\/\/van-thienen.be\/\"]}]},{\"@type\":\"BreadcrumbList\",\"@id\":\"https:\/\/van-thienen.be\/#breadcrumb\",\"itemListElement\":[{\"@type\":\"ListItem\",\"position\":1,\"name\":\"Home\",\"item\":\"https:\/\/van-thienen.be\/\"},{\"@type\":\"ListItem\",\"position\":2,\"name\":\"Home\"}]},{\"@type\":\"WebSite\",\"@id\":\"https:\/\/van-thienen.be\/#website\",\"url\":\"https:\/\/van-thienen.be\/\",\"name\":\"Van Thienen\",\"description\":\"The Haute Couture of Framing\",\"publisher\":{\"@id\":\"https:\/\/van-thienen.be\/#organization\"},\"potentialAction\":[{\"@type\":\"SearchAction\",\"target\":{\"@type\":\"EntryPoint\",\"urlTemplate\":\"https:\/\/van-thienen.be\/?s={search_term_string}\"},\"query-input\":\"required name=search_term_string\"}],\"inLanguage\":\"fr-BE\"},{\"@type\":\"Organization\",\"@id\":\"https:\/\/van-thienen.be\/#organization\",\"name\":\"VAN THIENEN SRL\",\"url\":\"https:\/\/van-thienen.be\/\",\"logo\":{\"@type\":\"ImageObject\",\"inLanguage\":\"fr-BE\",\"@id\":\"https:\/\/van-thienen.be\/#\/schema\/logo\/image\/\",\"url\":\"https:\/\/van-thienen.be\/wp-content\/uploads\/2024\/01\/Footer-Logo-1.png\",\"contentUrl\":\"https:\/\/van-thienen.be\/wp-content\/uploads\/2024\/01\/Footer-Logo-1.png\",\"width\":72,\"height\":65,\"caption\":\"VAN THIENEN SRL\"},\"image\":{\"@id\":\"https:\/\/van-thienen.be\/#\/schema\/logo\/image\/\"}}]}<\/script>\n<!-- \/ Yoast SEO Premium plugin. -->","yoast_head_json":{"title":"Home | Van Thienen","robots":{"index":"index","follow":"follow","max-snippet":"max-snippet:-1","max-image-preview":"max-image-preview:large","max-video-preview":"max-video-preview:-1"},"canonical":"https:\/\/van-thienen.be\/fr\/","og_locale":"fr_FR","og_type":"article","og_title":"Home","og_url":"https:\/\/van-thienen.be\/fr\/","og_site_name":"Van Thienen","article_modified_time":"2024-03-27T09:22:59+00:00","twitter_card":"summary_large_image","twitter_misc":{"Dur\u00e9e de lecture est.":"2 minutes"},"schema":{"@context":"https:\/\/schema.org","@graph":[{"@type":"WebPage","@id":"https:\/\/van-thienen.be\/","url":"https:\/\/van-thienen.be\/","name":"Home | Van Thienen","isPartOf":{"@id":"https:\/\/van-thienen.be\/#website"},"datePublished":"2023-11-20T11:30:52+00:00","dateModified":"2024-03-27T09:22:59+00:00","breadcrumb":{"@id":"https:\/\/van-thienen.be\/#breadcrumb"},"inLanguage":"fr-BE","potentialAction":[{"@type":"ReadAction","target":["https:\/\/van-thienen.be\/"]}]},{"@type":"BreadcrumbList","@id":"https:\/\/van-thienen.be\/#breadcrumb","itemListElement":[{"@type":"ListItem","position":1,"name":"Home","item":"https:\/\/van-thienen.be\/"},{"@type":"ListItem","position":2,"name":"Home"}]},{"@type":"WebSite","@id":"https:\/\/van-thienen.be\/#website","url":"https:\/\/van-thienen.be\/","name":"Van Thienen","description":"The Haute Couture of Framing","publisher":{"@id":"https:\/\/van-thienen.be\/#organization"},"potentialAction":[{"@type":"SearchAction","target":{"@type":"EntryPoint","urlTemplate":"https:\/\/van-thienen.be\/?s={search_term_string}"},"query-input":"required name=search_term_string"}],"inLanguage":"fr-BE"},{"@type":"Organization","@id":"https:\/\/van-thienen.be\/#organization","name":"VAN THIENEN SRL","url":"https:\/\/van-thienen.be\/","logo":{"@type":"ImageObject","inLanguage":"fr-BE","@id":"https:\/\/van-thienen.be\/#\/schema\/logo\/image\/","url":"https:\/\/van-thienen.be\/wp-content\/uploads\/2024\/01\/Footer-Logo-1.png","contentUrl":"https:\/\/van-thienen.be\/wp-content\/uploads\/2024\/01\/Footer-Logo-1.png","width":72,"height":65,"caption":"VAN THIENEN SRL"},"image":{"@id":"https:\/\/van-thienen.be\/#\/schema\/logo\/image\/"}}]}},"_links":{"self":[{"href":"https:\/\/van-thienen.be\/fr\/wp-json\/wp\/v2\/pages\/85"}],"collection":[{"href":"https:\/\/van-thienen.be\/fr\/wp-json\/wp\/v2\/pages"}],"about":[{"href":"https:\/\/van-thienen.be\/fr\/wp-json\/wp\/v2\/types\/page"}],"author":[{"embeddable":true,"href":"https:\/\/van-thienen.be\/fr\/wp-json\/wp\/v2\/users\/1"}],"replies":[{"embeddable":true,"href":"https:\/\/van-thienen.be\/fr\/wp-json\/wp\/v2\/comments?post=85"}],"version-history":[{"count":207,"href":"https:\/\/van-thienen.be\/fr\/wp-json\/wp\/v2\/pages\/85\/revisions"}],"predecessor-version":[{"id":6701,"href":"https:\/\/van-thienen.be\/fr\/wp-json\/wp\/v2\/pages\/85\/revisions\/6701"}],"wp:attachment":[{"href":"https:\/\/van-thienen.be\/fr\/wp-json\/wp\/v2\/media?parent=85"}],"curies":[{"name":"wp","href":"https:\/\/api.w.org\/{rel}","templated":true}]}}