{"id":1380,"date":"2022-05-25T14:38:15","date_gmt":"2022-05-25T14:38:15","guid":{"rendered":"https:\/\/preview.treethemes.com\/hazel\/demo1\/?page_id=1380"},"modified":"2024-03-25T06:13:16","modified_gmt":"2024-03-25T06:13:16","slug":"la-maison-van-thienen","status":"publish","type":"page","link":"https:\/\/van-thienen.be\/fr\/la-maison-van-thienen\/","title":{"rendered":"La Maison Van Thienen"},"content":{"rendered":"<div class=\"wpb-content-wrapper\"><div class=\"vc_row wpb_row vc_row-fluid wpb_animate_when_almost_visible wpb_fadeInUpShort fadeInUpShort vc_row-o-equal-height vc_row-o-content-middle vc_row-flex\"><div class=\"wpb_column vc_column_container vc_col-sm-2\"><div class=\"vc_column-inner\"><div class=\"wpb_wrapper\"><\/div><\/div><\/div><div class=\"wpb_column vc_column_container vc_col-sm-8\"><div class=\"vc_column-inner\"><div class=\"wpb_wrapper\"><div class=\"ult-spacer spacer-69d98e8b2bd45\" data-id=\"69d98e8b2bd45\" data-height=\"120\" data-height-mobile=\"80\" data-height-tab=\"\" data-height-tab-portrait=\"120\" data-height-mobile-landscape=\"80\" style=\"clear:both;display:block;\"><\/div><div id=\"ultimate-heading-11669d98e8b2bd6b\" class=\"uvc-heading ult-adjust-bottom-margin ultimate-heading-11669d98e8b2bd6b uvc-4547\" data-hspacer=\"no_spacer\"  data-halign=\"center\" style=\"text-align:center\"><div class=\"uvc-heading-spacer no_spacer\" style=\"top\"><\/div><div class=\"uvc-main-heading ult-responsive\"  data-ultimate-target='.uvc-heading.ultimate-heading-11669d98e8b2bd6b h2'  data-responsive-json-new='{\"font-size\":\"desktop:72px;tablet_portrait:60px;mobile_landscape:45px;mobile:40px;\",\"line-height\":\"desktop:80px;tablet_portrait:70px;mobile_landscape:55px;mobile:50px;\"}' ><h2 style=\"font-family:&#039;Josefin Sans&#039;;font-weight:bold;color:#111111;\">La Maison Van Thienen<\/h2><\/div><div class=\"uvc-sub-heading ult-responsive\"  data-ultimate-target='.uvc-heading.ultimate-heading-11669d98e8b2bd6b .uvc-sub-heading '  data-responsive-json-new='{\"font-size\":\"\",\"line-height\":\"\"}'  style=\"font-family:&#039;Josefin Sans&#039;;font-weight:normal;margin-top:32px;\"><span style=\"font-size: 1.2em; color: #111111; font-weight: normal; line-height: 1.8rem;\">Une entreprise familiale \u00e0 la passion centenaire<\/span><\/div><\/div><div class=\"vc_separator wpb_content_element vc_separator_align_center vc_sep_width_10 vc_sep_pos_align_center vc_separator_no_text vc_custom_1708152471480  vc_custom_1708152471480\" ><span class=\"vc_sep_holder vc_sep_holder_l\"><span style=\"border-color:#424242;\" class=\"vc_sep_line\"><\/span><\/span><span class=\"vc_sep_holder vc_sep_holder_r\"><span style=\"border-color:#424242;\" class=\"vc_sep_line\"><\/span><\/span>\n<\/div><div class=\"ult-spacer spacer-69d98e8b2c1e3\" data-id=\"69d98e8b2c1e3\" data-height=\"120\" data-height-mobile=\"80\" data-height-tab=\"\" data-height-tab-portrait=\"120\" data-height-mobile-landscape=\"80\" style=\"clear:both;display:block;\"><\/div><\/div><\/div><\/div><div class=\"wpb_column vc_column_container vc_col-sm-2\"><div class=\"vc_column-inner\"><div class=\"wpb_wrapper\"><\/div><\/div><\/div><\/div><div class=\"vc_row wpb_row vc_row-fluid swap-on-mobile wide-ipad\"><div class=\"wpb_column vc_column_container vc_col-sm-6\"><div class=\"vc_column-inner\"><div class=\"wpb_wrapper\">\n\t<div  class=\"parallax-mousemove wpb_single_image wpb_content_element vc_align_left vc_custom_1708960228097\">\n\t\t\n\t\t\n\t\t<figure class=\"wpb_wrapper vc_figure\">\n\t\t\t<div class=\"vc_single_image-wrapper vc_box_rounded  vc_box_border_grey\"><img loading=\"lazy\" decoding=\"async\" width=\"1468\" height=\"1536\" src=\"https:\/\/van-thienen.be\/wp-content\/uploads\/2024\/02\/Team-Van-Thienen.jpg\" class=\"vc_single_image-img attachment-full\" alt=\"\" title=\"Team-Van-Thienen\" srcset=\"https:\/\/van-thienen.be\/wp-content\/uploads\/2024\/02\/Team-Van-Thienen.jpg 1468w, https:\/\/van-thienen.be\/wp-content\/uploads\/2024\/02\/Team-Van-Thienen-287x300.jpg 287w, https:\/\/van-thienen.be\/wp-content\/uploads\/2024\/02\/Team-Van-Thienen-979x1024.jpg 979w, https:\/\/van-thienen.be\/wp-content\/uploads\/2024\/02\/Team-Van-Thienen-768x804.jpg 768w, https:\/\/van-thienen.be\/wp-content\/uploads\/2024\/02\/Team-Van-Thienen-11x12.jpg 11w\" sizes=\"(max-width: 1468px) 100vw, 1468px\" \/><\/div>\n\t\t<\/figure>\n\t<\/div>\n<\/div><\/div><\/div><div class=\"wpb_animate_when_almost_visible wpb_linesAnimIn linesAnimIn wpb_column vc_column_container vc_col-sm-6\"><div class=\"vc_column-inner vc_custom_1705400607282\"><div class=\"wpb_wrapper\">\n\t<div class=\"wpb_text_column wpb_content_element\" >\n\t\t<div class=\"wpb_wrapper\">\n\t\t\t<p>Fond\u00e9e en 1880 par Fran\u00e7ois Van Thienen, l'entreprise a commenc\u00e9 son parcours dans le grenier d'un modeste b\u00e2timent \u00e0 Sint-Joost tenNoode, marquant le d\u00e9but d'un h\u00e9ritage qui allait perdurer jusqu\u2019\u00e0 ce jour.<\/p>\n<p>Cet h\u00e9ritage, jusqu\u2019alors familial, a \u00e9t\u00e9 confi\u00e9 \u00e0 Vincent Vercheval en 1986, qui, avec une profonde appr\u00e9ciation de l'art, a tir\u00e9la Maison Van Thienen vers l\u2019excellence.<\/p>\n<p>Aujourd'hui, l'entreprise est synonyme de prestige et a collabor\u00e9 avec des artistes de renom tels que Ren\u00e9 Magritte, Paul Delvaux ou James Ensor.<\/p>\n<p>Son engagement en faveur de la qualit\u00e9, de la tradition et de l'innovation a fait de l'entreprise un partenaire de choix pour les collectionneurs, les fondations, les marchands ou les institutions, faisant de chaque \u0153uvre d'art encadr\u00e9e un voyage partag\u00e9 de d\u00e9couverte et d'admiration.<\/p>\n<p>L'expertise de la Maison Van Thienen est reconnue par certaines cours royales, les galeries d'art renomm\u00e9es et les foires internationales.<\/p>\n<p>Depuis 2021, Vincent Vercheval et son \u00e9pouse, Anne-Catherine Algoedt, ont \u00e9t\u00e9 rejoints par Marie-Caroline d\u2019Olne, leur belle-fille et fille, dont les comp\u00e9tences et la jeunesse apportent \u00e0 l\u2019entreprise un nouvel \u00e9lan, de nouveaux mod\u00e8les et de nouveaux projets.<\/p>\n\n\t\t<\/div>\n\t<\/div>\n<\/div><\/div><\/div><\/div><div class=\"vc_row wpb_row vc_row-fluid vc_custom_1707237057392\"><div class=\"wpb_column vc_column_container vc_col-sm-12\"><div class=\"vc_column-inner\"><div class=\"wpb_wrapper\"><h2 style=\"text-align: center;font-family:Josefin Sans;font-weight:400;font-style:normal\" class=\"vc_custom_heading\" >Notre Histoire<\/h2><\/div><\/div><\/div><\/div><div class=\"vc_row wpb_row vc_row-fluid vc_custom_1499104289737 vc_row-has-fill\"><div class=\"wpb_column vc_column_container vc_col-sm-12\"><div class=\"vc_column-inner\"><div class=\"wpb_wrapper\"><div class=\"ult-animation  ult-no-mobile\" data-animate=\"fadeIn\" data-animation-delay=\"0\" data-animation-duration=\"1\" data-animation-iteration=\"1\" style=\"\" ><div class=\"smile-icon-timeline-wrap csstime\"  data-time_sep_bg_color=\"#444444\" data-time_block_bg_color=\"#f7f7f7\" data-time_sep_color=\"#444444\" style=\"\"><div class=\"timeline-line\" style=\"border-right-color:;\"><span><\/span><\/div><div class=\"timeline-wrapper\"><div class=\"timeline-block\"><div class=\"timeline-dot\"><\/div><div class=\"ult-timeline-arrow\"><s><\/s><l><\/l><\/div><div class=\"timeline-icon-block\"><div class=\"ult-timeline-icon tl-icon-no-bg\" style=\"   \"><\/div> <!-- icon --><\/div><div class=\"timeline-header-block\" >\n\t\t\t\t\t\t\t<div id=\"timeline-item-8206\" class=\"timeline-header\" style=\"\"><h3 class=\"ult-timeline-title ult-responsive\"  data-ultimate-target='#timeline-item-8206 .ult-timeline-title'  data-responsive-json-new='{\"font-size\":\"\",\"line-height\":\"\"}'  style=\"\">1880-1917<\/h3><div class=\"ult-responsive timeline-item-spt\"  data-ultimate-target='#timeline-item-8206 .timeline-item-spt'  data-responsive-json-new='{\"font-size\":\"\",\"line-height\":\"\"}'  style=\"\"><img loading=\"lazy\" decoding=\"async\" class=\"alignnone size-full wp-image-6216\" src=\"http:\/\/van-thienen.be\/wp-content\/uploads\/2024\/02\/van-thienen-framings-history-1880-1917.jpeg\" alt=\"\" width=\"243\" height=\"111\" \/><\/p>\n<p>En 1880, Fran\u00e7ois Van Thienen, alors doreur, d\u00e9cide de se mettre \u00e0 son compte en quittant la soci\u00e9t\u00e9 Bonne Foi, la plus grande entreprise europ\u00e9enne de d\u00e9coration de b\u00e2timents. Il ouvre sa propre entreprise d\u2019encadrements et de dorures\u00ab Van Thienen \u00bb, situ\u00e9e alors rue du marteau 45, \u00e0 Saint Josse tenNoode.<\/p>\n<p>Ses ateliers sont install\u00e9s dans le grenier o\u00f9 il exerce son activit\u00e9. Il a alors 3 enfants : Charles, Gabriel et Jacques.<\/div><\/div> <!-- header --><\/div><\/div><div class=\"timeline-block\"><div class=\"timeline-dot\"><\/div><div class=\"ult-timeline-arrow\"><s><\/s><l><\/l><\/div><div class=\"timeline-icon-block\"><div class=\"ult-timeline-icon tl-icon-no-bg\" style=\"   \"><\/div> <!-- icon --><\/div><div class=\"timeline-header-block\" >\n\t\t\t\t\t\t\t<div id=\"timeline-item-3657\" class=\"timeline-header\" style=\"\"><h3 class=\"ult-timeline-title ult-responsive\"  data-ultimate-target='#timeline-item-3657 .ult-timeline-title'  data-responsive-json-new='{\"font-size\":\"\",\"line-height\":\"\"}'  style=\"\">1917-1964<\/h3><div class=\"ult-responsive timeline-item-spt\"  data-ultimate-target='#timeline-item-3657 .timeline-item-spt'  data-responsive-json-new='{\"font-size\":\"\",\"line-height\":\"\"}'  style=\"\"><img loading=\"lazy\" decoding=\"async\" class=\"alignnone size-full wp-image-6216\" src=\"http:\/\/van-thienen.be\/wp-content\/uploads\/2024\/02\/van-thienen-framings-history-1917-1964.jpg\" alt=\"\" width=\"243\" height=\"111\" \/><\/p>\n<p>Fran\u00e7ois meurt en 1917, suite aux d\u00e9c\u00e8s de son \u00e9pouse, de son p\u00e8re et de son grand-p\u00e8re, tous trois disparus en quelques mois et dont il ne se remettra pas. Charles, son fils ain\u00e9, meurt durant la guerre de 1914 et c\u2019est son deuxi\u00e8me fils, Gabriel, appr\u00eateur, qui reprend \u00e0 son tour l\u2019entreprise.<\/div><\/div> <!-- header --><\/div><\/div><div class=\"timeline-block\"><div class=\"timeline-dot\"><\/div><div class=\"ult-timeline-arrow\"><s><\/s><l><\/l><\/div><div class=\"timeline-icon-block\"><div class=\"ult-timeline-icon tl-icon-no-bg\" style=\"   \"><\/div> <!-- icon --><\/div><div class=\"timeline-header-block\" >\n\t\t\t\t\t\t\t<div id=\"timeline-item-3401\" class=\"timeline-header\" style=\"\"><h3 class=\"ult-timeline-title ult-responsive\"  data-ultimate-target='#timeline-item-3401 .ult-timeline-title'  data-responsive-json-new='{\"font-size\":\"\",\"line-height\":\"\"}'  style=\"\">1923<\/h3><div class=\"ult-responsive timeline-item-spt\"  data-ultimate-target='#timeline-item-3401 .timeline-item-spt'  data-responsive-json-new='{\"font-size\":\"\",\"line-height\":\"\"}'  style=\"\">En 1923, Gabriel et toute sa famille d\u00e9m\u00e9nagent au 28, rue de l\u2019enclume o\u00f9 il installe ses ateliers. Gabriel a un fils, Charles, n\u00e9 en 1922. Ce dernier adore passer des heures dans les ateliers \u00e0 observer les artisans. A 16 ans, il rejoint l'entreprise paternelle et devient doreur comme son grand-p\u00e8re.<\/div><\/div> <!-- header --><\/div><\/div><div class=\"timeline-block\"><div class=\"timeline-dot\"><\/div><div class=\"ult-timeline-arrow\"><s><\/s><l><\/l><\/div><div class=\"timeline-icon-block\"><div class=\"ult-timeline-icon tl-icon-no-bg\" style=\"   \"><\/div> <!-- icon --><\/div><div class=\"timeline-header-block\" >\n\t\t\t\t\t\t\t<div id=\"timeline-item-7173\" class=\"timeline-header\" style=\"\"><h3 class=\"ult-timeline-title ult-responsive\"  data-ultimate-target='#timeline-item-7173 .ult-timeline-title'  data-responsive-json-new='{\"font-size\":\"\",\"line-height\":\"\"}'  style=\"\">1964-1986<\/h3><div class=\"ult-responsive timeline-item-spt\"  data-ultimate-target='#timeline-item-7173 .timeline-item-spt'  data-responsive-json-new='{\"font-size\":\"\",\"line-height\":\"\"}'  style=\"\"><img loading=\"lazy\" decoding=\"async\" class=\"alignnone size-medium wp-image-6558\" src=\"http:\/\/van-thienen.be\/wp-content\/uploads\/2024\/03\/van-thienen-framings-history-1964-1986-300x140.jpg\" alt=\"\" width=\"300\" height=\"140\" srcset=\"https:\/\/van-thienen.be\/wp-content\/uploads\/2024\/03\/van-thienen-framings-history-1964-1986-300x140.jpg 300w, https:\/\/van-thienen.be\/wp-content\/uploads\/2024\/03\/van-thienen-framings-history-1964-1986-18x8.jpg 18w, https:\/\/van-thienen.be\/wp-content\/uploads\/2024\/03\/van-thienen-framings-history-1964-1986.jpg 600w\" sizes=\"(max-width: 300px) 100vw, 300px\" \/><\/p>\n<p>Charles travaille aux c\u00f4t\u00e9s de son p\u00e8re pendant 26 ans, lui succ\u00e9dant le 1er avril 1964. Gabriel meurt le 18 juin 1969.<\/div><\/div> <!-- header --><\/div><\/div><div class=\"timeline-block\"><div class=\"timeline-dot\"><\/div><div class=\"ult-timeline-arrow\"><s><\/s><l><\/l><\/div><div class=\"timeline-icon-block\"><div class=\"ult-timeline-icon tl-icon-no-bg\" style=\"   \"><\/div> <!-- icon --><\/div><div class=\"timeline-header-block\" >\n\t\t\t\t\t\t\t<div id=\"timeline-item-7300\" class=\"timeline-header\" style=\"\"><h3 class=\"ult-timeline-title ult-responsive\"  data-ultimate-target='#timeline-item-7300 .ult-timeline-title'  data-responsive-json-new='{\"font-size\":\"\",\"line-height\":\"\"}'  style=\"\">1986-2002<\/h3><div class=\"ult-responsive timeline-item-spt\"  data-ultimate-target='#timeline-item-7300 .timeline-item-spt'  data-responsive-json-new='{\"font-size\":\"\",\"line-height\":\"\"}'  style=\"\"><img loading=\"lazy\" decoding=\"async\" class=\"alignnone size-full wp-image-6218\" src=\"http:\/\/van-thienen.be\/wp-content\/uploads\/2024\/02\/van-thienen-framings-history-1986-2002.jpg\" alt=\"\" width=\"229\" height=\"92\" \/><\/p>\n<p>Le 1er avril 1986, Charles Van Thienen c\u00e8de son entreprise \u00e0 Vincent Vercheval.<\/p>\n<p>Amoureux de l'art depuis son plus jeune \u00e2ge, Vincent saisit l'opportunit\u00e9 de reprendre l'activit\u00e9 d'encadrement, avec le souci d'apprendre sans cesse, de conserver la tradition et d'\u00e9lever la fabrication vers l'excellence !<\/div><\/div> <!-- header --><\/div><\/div><div class=\"timeline-block\"><div class=\"timeline-dot\"><\/div><div class=\"ult-timeline-arrow\"><s><\/s><l><\/l><\/div><div class=\"timeline-icon-block\"><div class=\"ult-timeline-icon tl-icon-no-bg\" style=\"   \"><\/div> <!-- icon --><\/div><div class=\"timeline-header-block\" >\n\t\t\t\t\t\t\t<div id=\"timeline-item-4919\" class=\"timeline-header\" style=\"\"><h3 class=\"ult-timeline-title ult-responsive\"  data-ultimate-target='#timeline-item-4919 .ult-timeline-title'  data-responsive-json-new='{\"font-size\":\"\",\"line-height\":\"\"}'  style=\"\">2002-2023<\/h3><div class=\"ult-responsive timeline-item-spt\"  data-ultimate-target='#timeline-item-4919 .timeline-item-spt'  data-responsive-json-new='{\"font-size\":\"\",\"line-height\":\"\"}'  style=\"\"><img loading=\"lazy\" decoding=\"async\" class=\"alignnone wp-image-6219 size-thumbnail\" src=\"http:\/\/van-thienen.be\/wp-content\/uploads\/2024\/02\/van-thienen-framings-history-2002-e1707228921679-150x150.jpg\" alt=\"\" width=\"150\" height=\"150\" srcset=\"https:\/\/van-thienen.be\/wp-content\/uploads\/2024\/02\/van-thienen-framings-history-2002-e1707228921679-150x150.jpg 150w, https:\/\/van-thienen.be\/wp-content\/uploads\/2024\/02\/van-thienen-framings-history-2002-e1707228921679-80x80.jpg 80w\" sizes=\"(max-width: 150px) 100vw, 150px\" \/><\/p>\n<p>La Maison Van Thienen est une r\u00e9f\u00e9rence internationale. Elle a eu la chance de travailler depuis 1923 avec de nombreux artistes dont Ren\u00e9 Magritte, Paul Delvaux, James Ensor, Frans Gailliard, Jean-Jacques Gailliard, Frans Courtens, Gaston Bertrand, Jo Delahaut, L\u00e9on Spilliaert, Antoine Mortier, Fernand Toussaint, Emile Claus, Alfred Bastien.<\/p>\n<p>Ils font tous partie de son histoire.Certains mod\u00e8les de cadres leur sont d\u2019ailleurs d\u00e9di\u00e9s.\nJusqu\u2019\u00e0 ce jour et depuis des d\u00e9cennies de grands collectionneurs nous confient leurs \u0153uvres et ensemble nous les mettons en valeur.<br \/>\nChaque rencontre est un grand moment d\u2019\u00e9changes et d\u2019apprentissage !<\/p>\n<p>C\u2019est avec tout leur c\u0153ur, leur savoir-faire et leur plus grand soin que Vincent Vercheval et son \u00e9quipe traitent chaque commande.<\/div><\/div> <!-- header --><\/div><\/div><\/div><div class=\"timeline-feature-item feat-item\"><div class=\"feat-dot\"><div class=\"timeline-dot\"><\/div><\/div><div class=\"ult-timeline-arrow\"><s><\/s><l><\/l><\/div><div class=\"timeline-icon-block\"><div class=\"ult-timeline-icon tl-icon-no-bg\" style=\"   \"><\/div> <!-- icon --><\/div><div class=\"timeline-header-block\" >\n\t\t\t\t\t\t\t<div class=\"timeline-header\" id=\"timeline-featured-2094\"  style=\"\"><h3\n\t\t\t class=\"ult-timeline-title ult-responsive\"   data-ultimate-target='#timeline-featured-2094 .ult-timeline-title'  data-responsive-json-new='{\"font-size\":\"\",\"line-height\":\"\"}'  style=\"\">2024<\/h3><div class=\"ult-responsive custom-lht\"  data-ultimate-target='#timeline-featured-2094 .custom-lht'  data-responsive-json-new='{\"font-size\":\"\",\"line-height\":\"\"}'  style=\"\"><img loading=\"lazy\" decoding=\"async\" class=\"alignnone wp-image-5708 size-full\" src=\"http:\/\/van-thienen.be\/wp-content\/uploads\/2024\/01\/new_identity-min.jpg\" alt=\"\" width=\"650\" height=\"650\" srcset=\"https:\/\/van-thienen.be\/wp-content\/uploads\/2024\/01\/new_identity-min.jpg 650w, https:\/\/van-thienen.be\/wp-content\/uploads\/2024\/01\/new_identity-min-300x300.jpg 300w, https:\/\/van-thienen.be\/wp-content\/uploads\/2024\/01\/new_identity-min-150x150.jpg 150w, https:\/\/van-thienen.be\/wp-content\/uploads\/2024\/01\/new_identity-min-80x80.jpg 80w, https:\/\/van-thienen.be\/wp-content\/uploads\/2024\/01\/new_identity-min-500x500.jpg 500w\" sizes=\"(max-width: 650px) 100vw, 650px\" \/><\/p>\n<p>Par soucis de modernit\u00e9 et d\u2019\u00e9volution, avons le plaisir de vous annoncer notre nouvelle identit\u00e9 graphique !<\/div><\/div> <!-- header --><\/div><\/div><div class=\"timeline-wrapper\"><\/div><\/div><\/div><\/div><\/div><\/div><\/div><!-- Row Backgrounds --><div class=\"upb_color\" data-bg-override=\"full\" data-bg-color=\"#ffffff\" data-fadeout=\"\" data-fadeout-percentage=\"30\" data-parallax-content=\"\" data-parallax-content-sense=\"30\" data-row-effect-mobile-disable=\"true\" data-img-parallax-mobile-disable=\"true\" data-rtl=\"false\"  data-custom-vc-row=\"\"  data-vc=\"7.2\"  data-is_old_vc=\"\"  data-theme-support=\"\"   data-overlay=\"false\" data-overlay-color=\"\" data-overlay-pattern=\"\" data-overlay-pattern-opacity=\"\" data-overlay-pattern-size=\"\"    ><\/div><div class=\"vc_row wpb_row vc_row-fluid\"><div class=\"wpb_column vc_column_container vc_col-sm-12\"><div class=\"vc_column-inner\"><div class=\"wpb_wrapper\"><div class=\"vc_empty_space\"   style=\"height: 100px\"><span class=\"vc_empty_space_inner\"><\/span><\/div><\/div><\/div><\/div><\/div>\n<\/div>","protected":false},"excerpt":{"rendered":"Maison Van ThienenA family business with a century-old passion Founded in 1880 by Fran\u00e7ois Van Thienen, the company began its journey in the attic of a modest building in Sint-Joost ten Noode, marking the start of a legacy that would endure to this day. This legacy, which until then had been a family affair, was [...]","protected":false},"author":1,"featured_media":0,"parent":0,"menu_order":0,"comment_status":"closed","ping_status":"closed","template":"page.php","meta":{"footnotes":""},"yoast_head":"<!-- This site is optimized with the Yoast SEO Premium plugin v20.5 (Yoast SEO v23.3) - https:\/\/yoast.com\/wordpress\/plugins\/seo\/ -->\n<title>Maison Van Thienen | Van Thienen<\/title>\n<meta name=\"robots\" content=\"index, follow, max-snippet:-1, max-image-preview:large, max-video-preview:-1\" \/>\n<link rel=\"canonical\" href=\"https:\/\/van-thienen.be\/fr\/la-maison-van-thienen\/\" \/>\n<meta property=\"og:locale\" content=\"fr_FR\" \/>\n<meta property=\"og:type\" content=\"article\" \/>\n<meta property=\"og:title\" content=\"Maison Van Thienen\" \/>\n<meta property=\"og:url\" content=\"https:\/\/van-thienen.be\/fr\/la-maison-van-thienen\/\" \/>\n<meta property=\"og:site_name\" content=\"Van Thienen\" \/>\n<meta property=\"article:modified_time\" content=\"2024-03-25T06:13:16+00:00\" \/>\n<meta property=\"og:image\" content=\"http:\/\/van-thienen.be\/wp-content\/uploads\/2024\/02\/van-thienen-framings-history-1880-1917.jpeg\" \/>\n<meta name=\"twitter:card\" content=\"summary_large_image\" \/>\n<meta name=\"twitter:label1\" content=\"Dur\u00e9e de lecture est.\" \/>\n\t<meta name=\"twitter:data1\" content=\"5 minutes\" \/>\n<script type=\"application\/ld+json\" class=\"yoast-schema-graph\">{\"@context\":\"https:\/\/schema.org\",\"@graph\":[{\"@type\":\"WebPage\",\"@id\":\"https:\/\/van-thienen.be\/la-maison-van-thienen\/\",\"url\":\"https:\/\/van-thienen.be\/la-maison-van-thienen\/\",\"name\":\"Maison Van Thienen | Van Thienen\",\"isPartOf\":{\"@id\":\"https:\/\/van-thienen.be\/#website\"},\"primaryImageOfPage\":{\"@id\":\"https:\/\/van-thienen.be\/la-maison-van-thienen\/#primaryimage\"},\"image\":{\"@id\":\"https:\/\/van-thienen.be\/la-maison-van-thienen\/#primaryimage\"},\"thumbnailUrl\":\"http:\/\/van-thienen.be\/wp-content\/uploads\/2024\/02\/van-thienen-framings-history-1880-1917.jpeg\",\"datePublished\":\"2022-05-25T14:38:15+00:00\",\"dateModified\":\"2024-03-25T06:13:16+00:00\",\"breadcrumb\":{\"@id\":\"https:\/\/van-thienen.be\/la-maison-van-thienen\/#breadcrumb\"},\"inLanguage\":\"fr-BE\",\"potentialAction\":[{\"@type\":\"ReadAction\",\"target\":[\"https:\/\/van-thienen.be\/la-maison-van-thienen\/\"]}]},{\"@type\":\"ImageObject\",\"inLanguage\":\"fr-BE\",\"@id\":\"https:\/\/van-thienen.be\/la-maison-van-thienen\/#primaryimage\",\"url\":\"http:\/\/van-thienen.be\/wp-content\/uploads\/2024\/02\/van-thienen-framings-history-1880-1917.jpeg\",\"contentUrl\":\"http:\/\/van-thienen.be\/wp-content\/uploads\/2024\/02\/van-thienen-framings-history-1880-1917.jpeg\"},{\"@type\":\"BreadcrumbList\",\"@id\":\"https:\/\/van-thienen.be\/la-maison-van-thienen\/#breadcrumb\",\"itemListElement\":[{\"@type\":\"ListItem\",\"position\":1,\"name\":\"Home\",\"item\":\"https:\/\/van-thienen.be\/\"},{\"@type\":\"ListItem\",\"position\":2,\"name\":\"Maison Van Thienen\"}]},{\"@type\":\"WebSite\",\"@id\":\"https:\/\/van-thienen.be\/#website\",\"url\":\"https:\/\/van-thienen.be\/\",\"name\":\"Van Thienen\",\"description\":\"The Haute Couture of Framing\",\"publisher\":{\"@id\":\"https:\/\/van-thienen.be\/#organization\"},\"potentialAction\":[{\"@type\":\"SearchAction\",\"target\":{\"@type\":\"EntryPoint\",\"urlTemplate\":\"https:\/\/van-thienen.be\/?s={search_term_string}\"},\"query-input\":\"required name=search_term_string\"}],\"inLanguage\":\"fr-BE\"},{\"@type\":\"Organization\",\"@id\":\"https:\/\/van-thienen.be\/#organization\",\"name\":\"VAN THIENEN SRL\",\"url\":\"https:\/\/van-thienen.be\/\",\"logo\":{\"@type\":\"ImageObject\",\"inLanguage\":\"fr-BE\",\"@id\":\"https:\/\/van-thienen.be\/#\/schema\/logo\/image\/\",\"url\":\"https:\/\/van-thienen.be\/wp-content\/uploads\/2024\/01\/Footer-Logo-1.png\",\"contentUrl\":\"https:\/\/van-thienen.be\/wp-content\/uploads\/2024\/01\/Footer-Logo-1.png\",\"width\":72,\"height\":65,\"caption\":\"VAN THIENEN SRL\"},\"image\":{\"@id\":\"https:\/\/van-thienen.be\/#\/schema\/logo\/image\/\"}}]}<\/script>\n<!-- \/ Yoast SEO Premium plugin. -->","yoast_head_json":{"title":"Maison Van Thienen | Van Thienen","robots":{"index":"index","follow":"follow","max-snippet":"max-snippet:-1","max-image-preview":"max-image-preview:large","max-video-preview":"max-video-preview:-1"},"canonical":"https:\/\/van-thienen.be\/fr\/la-maison-van-thienen\/","og_locale":"fr_FR","og_type":"article","og_title":"Maison Van Thienen","og_url":"https:\/\/van-thienen.be\/fr\/la-maison-van-thienen\/","og_site_name":"Van Thienen","article_modified_time":"2024-03-25T06:13:16+00:00","og_image":[{"url":"http:\/\/van-thienen.be\/wp-content\/uploads\/2024\/02\/van-thienen-framings-history-1880-1917.jpeg"}],"twitter_card":"summary_large_image","twitter_misc":{"Dur\u00e9e de lecture est.":"5 minutes"},"schema":{"@context":"https:\/\/schema.org","@graph":[{"@type":"WebPage","@id":"https:\/\/van-thienen.be\/la-maison-van-thienen\/","url":"https:\/\/van-thienen.be\/la-maison-van-thienen\/","name":"Maison Van Thienen | Van Thienen","isPartOf":{"@id":"https:\/\/van-thienen.be\/#website"},"primaryImageOfPage":{"@id":"https:\/\/van-thienen.be\/la-maison-van-thienen\/#primaryimage"},"image":{"@id":"https:\/\/van-thienen.be\/la-maison-van-thienen\/#primaryimage"},"thumbnailUrl":"http:\/\/van-thienen.be\/wp-content\/uploads\/2024\/02\/van-thienen-framings-history-1880-1917.jpeg","datePublished":"2022-05-25T14:38:15+00:00","dateModified":"2024-03-25T06:13:16+00:00","breadcrumb":{"@id":"https:\/\/van-thienen.be\/la-maison-van-thienen\/#breadcrumb"},"inLanguage":"fr-BE","potentialAction":[{"@type":"ReadAction","target":["https:\/\/van-thienen.be\/la-maison-van-thienen\/"]}]},{"@type":"ImageObject","inLanguage":"fr-BE","@id":"https:\/\/van-thienen.be\/la-maison-van-thienen\/#primaryimage","url":"http:\/\/van-thienen.be\/wp-content\/uploads\/2024\/02\/van-thienen-framings-history-1880-1917.jpeg","contentUrl":"http:\/\/van-thienen.be\/wp-content\/uploads\/2024\/02\/van-thienen-framings-history-1880-1917.jpeg"},{"@type":"BreadcrumbList","@id":"https:\/\/van-thienen.be\/la-maison-van-thienen\/#breadcrumb","itemListElement":[{"@type":"ListItem","position":1,"name":"Home","item":"https:\/\/van-thienen.be\/"},{"@type":"ListItem","position":2,"name":"Maison Van Thienen"}]},{"@type":"WebSite","@id":"https:\/\/van-thienen.be\/#website","url":"https:\/\/van-thienen.be\/","name":"Van Thienen","description":"The Haute Couture of Framing","publisher":{"@id":"https:\/\/van-thienen.be\/#organization"},"potentialAction":[{"@type":"SearchAction","target":{"@type":"EntryPoint","urlTemplate":"https:\/\/van-thienen.be\/?s={search_term_string}"},"query-input":"required name=search_term_string"}],"inLanguage":"fr-BE"},{"@type":"Organization","@id":"https:\/\/van-thienen.be\/#organization","name":"VAN THIENEN SRL","url":"https:\/\/van-thienen.be\/","logo":{"@type":"ImageObject","inLanguage":"fr-BE","@id":"https:\/\/van-thienen.be\/#\/schema\/logo\/image\/","url":"https:\/\/van-thienen.be\/wp-content\/uploads\/2024\/01\/Footer-Logo-1.png","contentUrl":"https:\/\/van-thienen.be\/wp-content\/uploads\/2024\/01\/Footer-Logo-1.png","width":72,"height":65,"caption":"VAN THIENEN SRL"},"image":{"@id":"https:\/\/van-thienen.be\/#\/schema\/logo\/image\/"}}]}},"_links":{"self":[{"href":"https:\/\/van-thienen.be\/fr\/wp-json\/wp\/v2\/pages\/1380"}],"collection":[{"href":"https:\/\/van-thienen.be\/fr\/wp-json\/wp\/v2\/pages"}],"about":[{"href":"https:\/\/van-thienen.be\/fr\/wp-json\/wp\/v2\/types\/page"}],"author":[{"embeddable":true,"href":"https:\/\/van-thienen.be\/fr\/wp-json\/wp\/v2\/users\/1"}],"replies":[{"embeddable":true,"href":"https:\/\/van-thienen.be\/fr\/wp-json\/wp\/v2\/comments?post=1380"}],"version-history":[{"count":70,"href":"https:\/\/van-thienen.be\/fr\/wp-json\/wp\/v2\/pages\/1380\/revisions"}],"predecessor-version":[{"id":6624,"href":"https:\/\/van-thienen.be\/fr\/wp-json\/wp\/v2\/pages\/1380\/revisions\/6624"}],"wp:attachment":[{"href":"https:\/\/van-thienen.be\/fr\/wp-json\/wp\/v2\/media?parent=1380"}],"curies":[{"name":"wp","href":"https:\/\/api.w.org\/{rel}","templated":true}]}}