{"id":6585,"date":"2024-03-19T12:43:32","date_gmt":"2024-03-19T12:43:32","guid":{"rendered":"https:\/\/van-thienen.be\/?page_id=6585"},"modified":"2024-03-21T06:35:08","modified_gmt":"2024-03-21T06:35:08","slug":"conditions","status":"publish","type":"page","link":"http:\/\/van-thienen.be\/fr\/conditions\/","title":{"rendered":"Conditions d'utilisation"},"content":{"rendered":"<div class=\"wpb-content-wrapper\"><div class=\"vc_row wpb_row vc_row-fluid wpb_animate_when_almost_visible wpb_fadeInUpShort fadeInUpShort vc_row-o-equal-height vc_row-o-content-middle vc_row-flex\"><div class=\"wpb_column vc_column_container vc_col-sm-2\"><div class=\"vc_column-inner\"><div class=\"wpb_wrapper\"><\/div><\/div><\/div><div class=\"wpb_column vc_column_container vc_col-sm-8\"><div class=\"vc_column-inner\"><div class=\"wpb_wrapper\"><div class=\"ult-spacer spacer-69d38c658f3c4\" data-id=\"69d38c658f3c4\" data-height=\"120\" data-height-mobile=\"80\" data-height-tab=\"\" data-height-tab-portrait=\"120\" data-height-mobile-landscape=\"80\" style=\"clear:both;display:block;\"><\/div><div class=\"vc_empty_space\"   style=\"height: 20px\"><span class=\"vc_empty_space_inner\"><\/span><\/div><div id=\"ultimate-heading-12569d38c658f631\" class=\"uvc-heading ult-adjust-bottom-margin ultimate-heading-12569d38c658f631 uvc-5419\" data-hspacer=\"no_spacer\"  data-halign=\"center\" style=\"text-align:center\"><div class=\"uvc-heading-spacer no_spacer\" style=\"top\"><\/div><div class=\"uvc-main-heading ult-responsive\"  data-ultimate-target='.uvc-heading.ultimate-heading-12569d38c658f631 h2'  data-responsive-json-new='{\"font-size\":\"desktop:72px;tablet_portrait:60px;mobile_landscape:45px;mobile:40px;\",\"line-height\":\"desktop:80px;tablet_portrait:70px;mobile_landscape:55px;mobile:50px;\"}' ><h2 style=\"font-family:&#039;Josefin Sans&#039;;font-weight:bold;color:#111111;\">Conditions d'utilisation<\/h2><\/div><\/div><div class=\"ult-spacer spacer-69d38c658f657\" data-id=\"69d38c658f657\" data-height=\"120\" data-height-mobile=\"80\" data-height-tab=\"\" data-height-tab-portrait=\"120\" data-height-mobile-landscape=\"80\" style=\"clear:both;display:block;\"><\/div><\/div><\/div><\/div><div class=\"wpb_column vc_column_container vc_col-sm-2\"><div class=\"vc_column-inner\"><div class=\"wpb_wrapper\"><\/div><\/div><\/div><\/div><div class=\"vc_row wpb_row vc_row-fluid link-size\"><div class=\"wpb_column vc_column_container vc_col-sm-12\"><div class=\"vc_column-inner\"><div class=\"wpb_wrapper\">\n\t<div class=\"wpb_text_column wpb_content_element\" >\n\t\t<div class=\"wpb_wrapper\">\n\t\t\t<p>VAN THIENEN SRL s\u2019engage \u00e0 maintenir ce site web \u00e0 jour en temps et en heure. Si toutefois vous rencontriez un probl\u00e8me ou des donn\u00e9es obsol\u00e8te, nous vous serions reconnaissants de nous le faire savoir. Veuillez indiquer o\u00f9 sur le site web vous lisez les informations incorrectes. Nous examinerons cela d\u00e8s que possible. Veuillez envoyer votre r\u00e9ponse par e-mail \u00e0: contact@van-thienen.be.<\/p>\n<p>Nous ne sommes pas responsables des pertes r\u00e9sultant d\u2019inexactitudes ou de lacunes, ni des pertes r\u00e9sultant de probl\u00e8mes caus\u00e9s par ou inh\u00e9rents \u00e0 la diffusion d\u2019informations par Internet, tels que des perturbations ou des interruptions. Lors de l\u2019utilisation de formulaires Web, nous nous effor\u00e7ons de limiter le nombre de champs obligatoires au minimum. Pour toute perte subie \u00e0 la suite de l\u2019utilisation de donn\u00e9es, de conseils ou d\u2019id\u00e9es fournis par ou au nom de VAN THIENEN SRL via ce site web, VAN THIENEN SRL n\u2019assume aucune responsabilit\u00e9.<\/p>\n<p>Les r\u00e9ponses et les demandes de renseignements personnelles soumises par e-mail ou \u00e0 l\u2019aide d\u2019un formulaire web seront trait\u00e9es de la m\u00eame mani\u00e8re que les lettres. Cela signifie que vous pouvez attendre une r\u00e9ponse de notre part dans un d\u00e9lai d\u2019un mois au plus tard. En cas de demandes complexes, nous vous informerons dans un d\u00e9lai d\u2019un mois si nous avons besoin d\u2019un d\u00e9lai maximum de 3 mois.<\/p>\n<p>Toutes les donn\u00e9es personnelles que vous nous fournissez dans le cadre de votre r\u00e9ponse ou de votre demande d\u2019informations ne seront utilis\u00e9es que conform\u00e9ment \u00e0 notre d\u00e9claration de confidentialit\u00e9.<\/p>\n<p>VAN THIENEN SRL doit faire tous les efforts possibles pour prot\u00e9ger ses syst\u00e8mes contre toute forme d\u2019utilisation illicite. VAN THIENEN SRL doit mettre en \u0153uvre les mesures techniques et organisationnelles appropri\u00e9es \u00e0 cette fin, en tenant compte, entre autres, de l\u2019\u00e9tat de l\u2019art. Toutefois, il ne saurait \u00eatre tenu pour responsable de quelque pr\u00e9judice que ce soit, direct et\/ou indirect, subi par un utilisateur du site web, r\u00e9sultant de l\u2019utilisation ill\u00e9gale de ses syst\u00e8mes par une tierce partie.<\/p>\n<p>VAN THIENEN SRL d\u00e9cline toute responsabilit\u00e9 quant au contenu des sites web auxquels ou \u00e0 partir desquels un hyperlien ou une autre r\u00e9f\u00e9rence est faite. Les produits ou services offerts par des tierces parties sont soumis aux termes et conditions applicables de ces tierces parties.<\/p>\n<p>Tous les droits de propri\u00e9t\u00e9 intellectuelle sur le contenu de ce site web sont la propri\u00e9t\u00e9 de VAN THIENEN SRL.<\/p>\n<p>La copie, la diffusion et toute autre utilisation de ces documents sont interdites sans l\u2019autorisation \u00e9crite de VAN THIENEN SRL , sauf si et dans la mesure o\u00f9 le stipule une r\u00e9glementation imp\u00e9rative (telle que le droit de citer), sauf indication contraire du contenu.<\/p>\n<p>Si vous avez des questions ou des probl\u00e8mes d\u2019accessibilit\u00e9 du site, n\u2019h\u00e9sitez pas \u00e0 nous contacter.<\/p>\n\n\t\t<\/div>\n\t<\/div>\n<\/div><\/div><\/div><\/div><div class=\"vc_row wpb_row vc_row-fluid\"><div class=\"wpb_column vc_column_container vc_col-sm-12\"><div class=\"vc_column-inner\"><div class=\"wpb_wrapper\"><div class=\"vc_empty_space\"   style=\"height: 100px\"><span class=\"vc_empty_space_inner\"><\/span><\/div><\/div><\/div><\/div><\/div>\n<\/div>","protected":false},"excerpt":{"rendered":"Conditions of use VAN THIENEN SRL commits to keeping this website updated in a timely manner. Should you encounter any problems or outdated data, we would be grateful if you could let us know. Please indicate where on the website you read the incorrect information. We will look into this as soon as possible. Please [...]","protected":false},"author":1,"featured_media":0,"parent":0,"menu_order":0,"comment_status":"closed","ping_status":"closed","template":"page.php","meta":{"footnotes":""},"yoast_head":"<!-- This site is optimized with the Yoast SEO Premium plugin v20.5 (Yoast SEO v23.3) - https:\/\/yoast.com\/wordpress\/plugins\/seo\/ -->\n<title>Conditions of use | Van Thienen<\/title>\n<meta name=\"robots\" content=\"index, follow, max-snippet:-1, max-image-preview:large, max-video-preview:-1\" \/>\n<link rel=\"canonical\" href=\"https:\/\/van-thienen.be\/fr\/conditions\/\" \/>\n<meta property=\"og:locale\" content=\"fr_FR\" \/>\n<meta property=\"og:type\" content=\"article\" \/>\n<meta property=\"og:title\" content=\"Conditions of use\" \/>\n<meta property=\"og:url\" content=\"https:\/\/van-thienen.be\/fr\/conditions\/\" \/>\n<meta property=\"og:site_name\" content=\"Van Thienen\" \/>\n<meta property=\"article:modified_time\" content=\"2024-03-21T06:35:08+00:00\" \/>\n<meta name=\"twitter:card\" content=\"summary_large_image\" \/>\n<meta name=\"twitter:label1\" content=\"Dur\u00e9e de lecture est.\" \/>\n\t<meta name=\"twitter:data1\" content=\"3 minutes\" \/>\n<script type=\"application\/ld+json\" class=\"yoast-schema-graph\">{\"@context\":\"https:\/\/schema.org\",\"@graph\":[{\"@type\":\"WebPage\",\"@id\":\"https:\/\/van-thienen.be\/fr\/conditions\/\",\"url\":\"https:\/\/van-thienen.be\/fr\/conditions\/\",\"name\":\"Conditions of use | Van Thienen\",\"isPartOf\":{\"@id\":\"https:\/\/van-thienen.be\/#website\"},\"datePublished\":\"2024-03-19T12:43:32+00:00\",\"dateModified\":\"2024-03-21T06:35:08+00:00\",\"breadcrumb\":{\"@id\":\"https:\/\/van-thienen.be\/fr\/conditions\/#breadcrumb\"},\"inLanguage\":\"fr-BE\",\"potentialAction\":[{\"@type\":\"ReadAction\",\"target\":[\"https:\/\/van-thienen.be\/fr\/conditions\/\"]}]},{\"@type\":\"BreadcrumbList\",\"@id\":\"https:\/\/van-thienen.be\/fr\/conditions\/#breadcrumb\",\"itemListElement\":[{\"@type\":\"ListItem\",\"position\":1,\"name\":\"Home\",\"item\":\"https:\/\/van-thienen.be\/\"},{\"@type\":\"ListItem\",\"position\":2,\"name\":\"Conditions of use\"}]},{\"@type\":\"WebSite\",\"@id\":\"https:\/\/van-thienen.be\/#website\",\"url\":\"https:\/\/van-thienen.be\/\",\"name\":\"Van Thienen\",\"description\":\"The Haute Couture of Framing\",\"publisher\":{\"@id\":\"https:\/\/van-thienen.be\/#organization\"},\"potentialAction\":[{\"@type\":\"SearchAction\",\"target\":{\"@type\":\"EntryPoint\",\"urlTemplate\":\"https:\/\/van-thienen.be\/?s={search_term_string}\"},\"query-input\":\"required name=search_term_string\"}],\"inLanguage\":\"fr-BE\"},{\"@type\":\"Organization\",\"@id\":\"https:\/\/van-thienen.be\/#organization\",\"name\":\"VAN THIENEN SRL\",\"url\":\"https:\/\/van-thienen.be\/\",\"logo\":{\"@type\":\"ImageObject\",\"inLanguage\":\"fr-BE\",\"@id\":\"https:\/\/van-thienen.be\/#\/schema\/logo\/image\/\",\"url\":\"https:\/\/van-thienen.be\/wp-content\/uploads\/2024\/01\/Footer-Logo-1.png\",\"contentUrl\":\"https:\/\/van-thienen.be\/wp-content\/uploads\/2024\/01\/Footer-Logo-1.png\",\"width\":72,\"height\":65,\"caption\":\"VAN THIENEN SRL\"},\"image\":{\"@id\":\"https:\/\/van-thienen.be\/#\/schema\/logo\/image\/\"}}]}<\/script>\n<!-- \/ Yoast SEO Premium plugin. -->","yoast_head_json":{"title":"Conditions of use | Van Thienen","robots":{"index":"index","follow":"follow","max-snippet":"max-snippet:-1","max-image-preview":"max-image-preview:large","max-video-preview":"max-video-preview:-1"},"canonical":"https:\/\/van-thienen.be\/fr\/conditions\/","og_locale":"fr_FR","og_type":"article","og_title":"Conditions of use","og_url":"https:\/\/van-thienen.be\/fr\/conditions\/","og_site_name":"Van Thienen","article_modified_time":"2024-03-21T06:35:08+00:00","twitter_card":"summary_large_image","twitter_misc":{"Dur\u00e9e de lecture est.":"3 minutes"},"schema":{"@context":"https:\/\/schema.org","@graph":[{"@type":"WebPage","@id":"https:\/\/van-thienen.be\/fr\/conditions\/","url":"https:\/\/van-thienen.be\/fr\/conditions\/","name":"Conditions of use | Van Thienen","isPartOf":{"@id":"https:\/\/van-thienen.be\/#website"},"datePublished":"2024-03-19T12:43:32+00:00","dateModified":"2024-03-21T06:35:08+00:00","breadcrumb":{"@id":"https:\/\/van-thienen.be\/fr\/conditions\/#breadcrumb"},"inLanguage":"fr-BE","potentialAction":[{"@type":"ReadAction","target":["https:\/\/van-thienen.be\/fr\/conditions\/"]}]},{"@type":"BreadcrumbList","@id":"https:\/\/van-thienen.be\/fr\/conditions\/#breadcrumb","itemListElement":[{"@type":"ListItem","position":1,"name":"Home","item":"https:\/\/van-thienen.be\/"},{"@type":"ListItem","position":2,"name":"Conditions of use"}]},{"@type":"WebSite","@id":"https:\/\/van-thienen.be\/#website","url":"https:\/\/van-thienen.be\/","name":"Van Thienen","description":"The Haute Couture of Framing","publisher":{"@id":"https:\/\/van-thienen.be\/#organization"},"potentialAction":[{"@type":"SearchAction","target":{"@type":"EntryPoint","urlTemplate":"https:\/\/van-thienen.be\/?s={search_term_string}"},"query-input":"required name=search_term_string"}],"inLanguage":"fr-BE"},{"@type":"Organization","@id":"https:\/\/van-thienen.be\/#organization","name":"VAN THIENEN SRL","url":"https:\/\/van-thienen.be\/","logo":{"@type":"ImageObject","inLanguage":"fr-BE","@id":"https:\/\/van-thienen.be\/#\/schema\/logo\/image\/","url":"https:\/\/van-thienen.be\/wp-content\/uploads\/2024\/01\/Footer-Logo-1.png","contentUrl":"https:\/\/van-thienen.be\/wp-content\/uploads\/2024\/01\/Footer-Logo-1.png","width":72,"height":65,"caption":"VAN THIENEN SRL"},"image":{"@id":"https:\/\/van-thienen.be\/#\/schema\/logo\/image\/"}}]}},"_links":{"self":[{"href":"http:\/\/van-thienen.be\/fr\/wp-json\/wp\/v2\/pages\/6585"}],"collection":[{"href":"http:\/\/van-thienen.be\/fr\/wp-json\/wp\/v2\/pages"}],"about":[{"href":"http:\/\/van-thienen.be\/fr\/wp-json\/wp\/v2\/types\/page"}],"author":[{"embeddable":true,"href":"http:\/\/van-thienen.be\/fr\/wp-json\/wp\/v2\/users\/1"}],"replies":[{"embeddable":true,"href":"http:\/\/van-thienen.be\/fr\/wp-json\/wp\/v2\/comments?post=6585"}],"version-history":[{"count":4,"href":"http:\/\/van-thienen.be\/fr\/wp-json\/wp\/v2\/pages\/6585\/revisions"}],"predecessor-version":[{"id":6614,"href":"http:\/\/van-thienen.be\/fr\/wp-json\/wp\/v2\/pages\/6585\/revisions\/6614"}],"wp:attachment":[{"href":"http:\/\/van-thienen.be\/fr\/wp-json\/wp\/v2\/media?parent=6585"}],"curies":[{"name":"wp","href":"https:\/\/api.w.org\/{rel}","templated":true}]}}