{"id":6582,"date":"2024-03-19T12:36:56","date_gmt":"2024-03-19T12:36:56","guid":{"rendered":"https:\/\/van-thienen.be\/?page_id=6582"},"modified":"2024-03-21T06:35:49","modified_gmt":"2024-03-21T06:35:49","slug":"cookies","status":"publish","type":"page","link":"http:\/\/van-thienen.be\/fr\/cookies\/","title":{"rendered":"Politique de Cookies"},"content":{"rendered":"<div class=\"wpb-content-wrapper\"><div class=\"vc_row wpb_row vc_row-fluid wpb_animate_when_almost_visible wpb_fadeInUpShort fadeInUpShort vc_row-o-equal-height vc_row-o-content-middle vc_row-flex\"><div class=\"wpb_column vc_column_container vc_col-sm-2\"><div class=\"vc_column-inner\"><div class=\"wpb_wrapper\"><\/div><\/div><\/div><div class=\"wpb_column vc_column_container vc_col-sm-8\"><div class=\"vc_column-inner\"><div class=\"wpb_wrapper\"><div class=\"ult-spacer spacer-69de28efba009\" data-id=\"69de28efba009\" data-height=\"120\" data-height-mobile=\"80\" data-height-tab=\"\" data-height-tab-portrait=\"120\" data-height-mobile-landscape=\"80\" style=\"clear:both;display:block;\"><\/div><div class=\"vc_empty_space\"   style=\"height: 20px\"><span class=\"vc_empty_space_inner\"><\/span><\/div><div id=\"ultimate-heading-216569de28efba233\" class=\"uvc-heading ult-adjust-bottom-margin ultimate-heading-216569de28efba233 uvc-1846\" data-hspacer=\"no_spacer\"  data-halign=\"center\" style=\"text-align:center\"><div class=\"uvc-heading-spacer no_spacer\" style=\"top\"><\/div><div class=\"uvc-main-heading ult-responsive\"  data-ultimate-target='.uvc-heading.ultimate-heading-216569de28efba233 h2'  data-responsive-json-new='{\"font-size\":\"desktop:72px;tablet_portrait:60px;mobile_landscape:45px;mobile:40px;\",\"line-height\":\"desktop:80px;tablet_portrait:70px;mobile_landscape:55px;mobile:50px;\"}' ><h2 style=\"font-family:&#039;Josefin Sans&#039;;font-weight:bold;color:#111111;\">Politique de Cookies<\/h2><\/div><\/div><div class=\"ult-spacer spacer-69de28efba25f\" data-id=\"69de28efba25f\" data-height=\"120\" data-height-mobile=\"80\" data-height-tab=\"\" data-height-tab-portrait=\"120\" data-height-mobile-landscape=\"80\" style=\"clear:both;display:block;\"><\/div><\/div><\/div><\/div><div class=\"wpb_column vc_column_container vc_col-sm-2\"><div class=\"vc_column-inner\"><div class=\"wpb_wrapper\"><\/div><\/div><\/div><\/div><div class=\"vc_row wpb_row vc_row-fluid link-size\"><div class=\"wpb_column vc_column_container vc_col-sm-12\"><div class=\"vc_column-inner\"><div class=\"wpb_wrapper\">\n\t<div class=\"wpb_text_column wpb_content_element\" >\n\t\t<div class=\"wpb_wrapper\">\n\t\t\t<p><em>AVERTISSEMENT : Veuillez noter que la version linguistique officielle de cette politique est exclusivement en anglais. En cas de divergences ou d'\u00e9carts d'interpr\u00e9tation entre la version anglaise et les \u00e9ventuelles traductions, la version anglaise qui pr\u00e9vaut. Cette mesure est prise afin de garantir une uniformit\u00e9 et d'\u00e9viter toute confusion qui pourrait survenir du fait des diff\u00e9rences linguistiques. Cette politique de cookies a \u00e9t\u00e9 mise \u00e0 jour pour la derni\u00e8re fois le 19 mars 2024 et s'applique aux citoyens et aux r\u00e9sidents permanents l\u00e9gaux de l'Espace \u00e9conomique europ\u00e9en et de la Suisse.<\/em><\/p>\n<p>1. Introduction<\/p>\n<p>Our website, https:\/\/van-thienen.be (hereinafter: &#8220;the website&#8221;) uses cookies and other related technologies (for convenience all technologies are referred to as &#8220;cookies&#8221;). Cookies are also placed by third parties we have engaged. In the document below we inform you about the use of cookies on our website.<\/p>\n<p>2. What are cookies?<\/p>\n<p>A cookie is a small simple file that is sent along with pages of this website and stored by your browser on the hard drive of your computer or another device. The information stored therein may be returned to our servers or to the servers of the relevant third parties during a subsequent visit.<\/p>\n<p>3. What are scripts?<\/p>\n<p>A script is a piece of program code that is used to make our website function properly and interactively. This code is executed on our server or on your device.<\/p>\n<p>4. What is a web beacon?<\/p>\n<p>A web beacon (or a pixel tag) is a small, invisible piece of text or image on a website that is used to monitor traffic on a website. In order to do this, various data about you is stored using web beacons.<\/p>\n<p>5. Cookies<\/p>\n<p>5.1 Technical or functional cookies<\/p>\n<p>Some cookies ensure that certain parts of the website work properly and that your user preferences remain known. By placing functional cookies, we make it easier for you to visit our website. This way, you do not need to repeatedly enter the same information when visiting our website and, for example, the items remain in your shopping cart until you have paid. We may place these cookies without your consent.<\/p>\n<p>5.2 Statistics cookies<\/p>\n<p>We use statistics cookies to optimise the website experience for our users. With these statistics cookies we get insights in the usage of our website. We ask your permission to place statistics cookies.<\/p>\n<p>5.3 Marketing\/Tracking cookies<\/p>\n<p>Marketing\/Tracking cookies are cookies or any other form of local storage, used to create user profiles to display advertising or to track the user on this website or across several websites for similar marketing purposes.<\/p>\n<p>5.4 Social media<\/p>\n<p>On our website, we have included content from Instagram to promote web pages (e.g. \u201clike\u201d, \u201cpin\u201d) or share (e.g. \u201ctweet\u201d) on social networks like Instagram. This content is embedded with code derived from Instagram and places cookies. This content might store and process certain information for personalised advertising.<\/p>\n<p>Please read the privacy statement of these social networks (which can change regularly) to read what they do with your (personal) data which they process using these cookies. The data that is retrieved is anonymised as much as possible. Instagram is located in the United States.<\/p>\n<p>6. Placed cookies<\/p>\n<p>Elementor<br \/>\nStatistics (anonymous)<\/p>\n<p>Consent to service elementor<br \/>\nWordPress<br \/>\nFunctional<\/p>\n<p>Consent to service wordpress<br \/>\nGDPR Cookie Consent<br \/>\nFunctional<\/p>\n<p>Consent to service gdpr-cookie-consent<br \/>\nPolylang<br \/>\nFunctional<\/p>\n<p>Consent to service polylang<br \/>\nGoogle Fonts<br \/>\nPurpose pending investigation<\/p>\n<p>Consent to service google-fonts<br \/>\nGoogle Maps<br \/>\nPurpose pending investigation<\/p>\n<p>Consent to service google-maps<br \/>\nMiscellaneous<br \/>\nPurpose pending investigation<\/p>\n<p>Consent to service miscellaneous<\/p>\n<p>7. Consent<\/p>\n<p>When you visit our website for the first time, we will show you a pop-up with an explanation about cookies. As soon as you click on &#8220;Save preferences&#8221;, you consent to us using the categories of cookies and plug-ins you selected in the pop-up, as described in this Cookie Policy. You can disable the use of cookies via your browser, but please note that our website may no longer work properly.<\/p>\n<p>8. Enabling\/disabling and deleting cookies<\/p>\n<p>You can use your internet browser to automatically or manually delete cookies. You can also specify that certain cookies may not be placed. Another option is to change the settings of your internet browser so that you receive a message each time a cookie is placed. For more information about these options, please refer to the instructions in the Help section of your browser.<\/p>\n<p>Please note that our website may not work properly if all cookies are disabled. If you do delete the cookies in your browser, they will be placed again after your consent when you visit our website again.<\/p>\n<p>9. Your rights with respect to personal data<\/p>\n<p>You have the following rights with respect to your personal data:<\/p>\n<p>You have the right to know why your personal data is needed, what will happen to it, and how long it will be retained for.<\/p>\n<p>Right of access: You have the right to access your personal data that is known to us.<\/p>\n<p>Right to rectification: you have the right to supplement, correct, have deleted or blocked your personal data whenever you wish.<\/p>\n<p>If you give us your consent to process your data, you have the right to revoke that consent and to have your personal data deleted.<\/p>\n<p>Right to transfer your data: you have the right to request all your personal data from the controller and transfer it in its entirety to another controller.<\/p>\n<p>Right to object: you may object to the processing of your data. We comply with this, unless there are justified grounds for processing.<\/p>\n<p>To exercise these rights, please contact us. Please refer to the contact details at the bottom of this Cookie Policy. If you have a complaint about how we handle your data, we would like to hear from you, but you also have the right to submit a complaint to the supervisory authority (the Data Protection Authority).<\/p>\n<p>10. Contact details<\/p>\n<p>For questions and\/or comments about our Cookie Policy and this statement, please contact us by using the following contact details:<\/p>\n<p>VAN THIENEN SRL<br \/>\n28 Rue de L&#8217;Enclume, 1210 SAINT-JOSSE-TEN-NODE<br \/>\nBelgique<br \/>\nWebsite: https:\/\/van-thienen.be<br \/>\nEmail: contact@van-thienen.be<br \/>\nPhone number: +32 2 230 27 16<\/p>\n<p>This Cookie Policy was synchronised with cookiedatabase.org on 19 March 2024.<\/p>\n\n\t\t<\/div>\n\t<\/div>\n<\/div><\/div><\/div><\/div><div class=\"vc_row wpb_row vc_row-fluid\"><div class=\"wpb_column vc_column_container vc_col-sm-12\"><div class=\"vc_column-inner\"><div class=\"wpb_wrapper\"><div class=\"vc_empty_space\"   style=\"height: 100px\"><span class=\"vc_empty_space_inner\"><\/span><\/div><\/div><\/div><\/div><\/div>\n<\/div>","protected":false},"excerpt":{"rendered":"Cookies Policy This Cookie Policy was last updated on 19 March 2024 and applies to citizens and legal permanent residents of the European Economic Area and Switzerland. 1. Introduction Our website, https:\/\/van-thienen.be (hereinafter: \"the website\") uses cookies and other related technologies (for convenience all technologies are referred to as \"cookies\"). Cookies are also placed by [...]","protected":false},"author":1,"featured_media":0,"parent":0,"menu_order":0,"comment_status":"closed","ping_status":"closed","template":"page.php","meta":{"footnotes":""},"yoast_head":"<!-- This site is optimized with the Yoast SEO Premium plugin v20.5 (Yoast SEO v23.3) - https:\/\/yoast.com\/wordpress\/plugins\/seo\/ -->\n<title>Cookies Policy | Van Thienen<\/title>\n<meta name=\"robots\" content=\"index, follow, max-snippet:-1, max-image-preview:large, max-video-preview:-1\" \/>\n<link rel=\"canonical\" href=\"http:\/\/van-thienen.be\/fr\/cookies\/\" \/>\n<meta property=\"og:locale\" content=\"fr_FR\" \/>\n<meta property=\"og:type\" content=\"article\" \/>\n<meta property=\"og:title\" content=\"Cookies Policy\" \/>\n<meta property=\"og:url\" content=\"http:\/\/van-thienen.be\/fr\/cookies\/\" \/>\n<meta property=\"og:site_name\" content=\"Van Thienen\" \/>\n<meta property=\"article:modified_time\" content=\"2024-03-21T06:35:49+00:00\" \/>\n<meta name=\"twitter:card\" content=\"summary_large_image\" \/>\n<meta name=\"twitter:label1\" content=\"Dur\u00e9e de lecture est.\" \/>\n\t<meta name=\"twitter:data1\" content=\"6 minutes\" \/>\n<script type=\"application\/ld+json\" class=\"yoast-schema-graph\">{\"@context\":\"https:\/\/schema.org\",\"@graph\":[{\"@type\":\"WebPage\",\"@id\":\"https:\/\/van-thienen.be\/cookies\/\",\"url\":\"https:\/\/van-thienen.be\/cookies\/\",\"name\":\"Cookies Policy | Van Thienen\",\"isPartOf\":{\"@id\":\"https:\/\/van-thienen.be\/#website\"},\"datePublished\":\"2024-03-19T12:36:56+00:00\",\"dateModified\":\"2024-03-21T06:35:49+00:00\",\"breadcrumb\":{\"@id\":\"https:\/\/van-thienen.be\/cookies\/#breadcrumb\"},\"inLanguage\":\"fr-BE\",\"potentialAction\":[{\"@type\":\"ReadAction\",\"target\":[\"https:\/\/van-thienen.be\/cookies\/\"]}]},{\"@type\":\"BreadcrumbList\",\"@id\":\"https:\/\/van-thienen.be\/cookies\/#breadcrumb\",\"itemListElement\":[{\"@type\":\"ListItem\",\"position\":1,\"name\":\"Home\",\"item\":\"https:\/\/van-thienen.be\/\"},{\"@type\":\"ListItem\",\"position\":2,\"name\":\"Cookies Policy\"}]},{\"@type\":\"WebSite\",\"@id\":\"https:\/\/van-thienen.be\/#website\",\"url\":\"https:\/\/van-thienen.be\/\",\"name\":\"Van Thienen\",\"description\":\"The Haute Couture of Framing\",\"publisher\":{\"@id\":\"https:\/\/van-thienen.be\/#organization\"},\"potentialAction\":[{\"@type\":\"SearchAction\",\"target\":{\"@type\":\"EntryPoint\",\"urlTemplate\":\"https:\/\/van-thienen.be\/?s={search_term_string}\"},\"query-input\":\"required name=search_term_string\"}],\"inLanguage\":\"fr-BE\"},{\"@type\":\"Organization\",\"@id\":\"https:\/\/van-thienen.be\/#organization\",\"name\":\"VAN THIENEN SRL\",\"url\":\"https:\/\/van-thienen.be\/\",\"logo\":{\"@type\":\"ImageObject\",\"inLanguage\":\"fr-BE\",\"@id\":\"https:\/\/van-thienen.be\/#\/schema\/logo\/image\/\",\"url\":\"https:\/\/van-thienen.be\/wp-content\/uploads\/2024\/01\/Footer-Logo-1.png\",\"contentUrl\":\"https:\/\/van-thienen.be\/wp-content\/uploads\/2024\/01\/Footer-Logo-1.png\",\"width\":72,\"height\":65,\"caption\":\"VAN THIENEN SRL\"},\"image\":{\"@id\":\"https:\/\/van-thienen.be\/#\/schema\/logo\/image\/\"}}]}<\/script>\n<!-- \/ Yoast SEO Premium plugin. -->","yoast_head_json":{"title":"Cookies Policy | Van Thienen","robots":{"index":"index","follow":"follow","max-snippet":"max-snippet:-1","max-image-preview":"max-image-preview:large","max-video-preview":"max-video-preview:-1"},"canonical":"http:\/\/van-thienen.be\/fr\/cookies\/","og_locale":"fr_FR","og_type":"article","og_title":"Cookies Policy","og_url":"http:\/\/van-thienen.be\/fr\/cookies\/","og_site_name":"Van Thienen","article_modified_time":"2024-03-21T06:35:49+00:00","twitter_card":"summary_large_image","twitter_misc":{"Dur\u00e9e de lecture est.":"6 minutes"},"schema":{"@context":"https:\/\/schema.org","@graph":[{"@type":"WebPage","@id":"https:\/\/van-thienen.be\/cookies\/","url":"https:\/\/van-thienen.be\/cookies\/","name":"Cookies Policy | Van Thienen","isPartOf":{"@id":"https:\/\/van-thienen.be\/#website"},"datePublished":"2024-03-19T12:36:56+00:00","dateModified":"2024-03-21T06:35:49+00:00","breadcrumb":{"@id":"https:\/\/van-thienen.be\/cookies\/#breadcrumb"},"inLanguage":"fr-BE","potentialAction":[{"@type":"ReadAction","target":["https:\/\/van-thienen.be\/cookies\/"]}]},{"@type":"BreadcrumbList","@id":"https:\/\/van-thienen.be\/cookies\/#breadcrumb","itemListElement":[{"@type":"ListItem","position":1,"name":"Home","item":"https:\/\/van-thienen.be\/"},{"@type":"ListItem","position":2,"name":"Cookies Policy"}]},{"@type":"WebSite","@id":"https:\/\/van-thienen.be\/#website","url":"https:\/\/van-thienen.be\/","name":"Van Thienen","description":"The Haute Couture of Framing","publisher":{"@id":"https:\/\/van-thienen.be\/#organization"},"potentialAction":[{"@type":"SearchAction","target":{"@type":"EntryPoint","urlTemplate":"https:\/\/van-thienen.be\/?s={search_term_string}"},"query-input":"required name=search_term_string"}],"inLanguage":"fr-BE"},{"@type":"Organization","@id":"https:\/\/van-thienen.be\/#organization","name":"VAN THIENEN SRL","url":"https:\/\/van-thienen.be\/","logo":{"@type":"ImageObject","inLanguage":"fr-BE","@id":"https:\/\/van-thienen.be\/#\/schema\/logo\/image\/","url":"https:\/\/van-thienen.be\/wp-content\/uploads\/2024\/01\/Footer-Logo-1.png","contentUrl":"https:\/\/van-thienen.be\/wp-content\/uploads\/2024\/01\/Footer-Logo-1.png","width":72,"height":65,"caption":"VAN THIENEN SRL"},"image":{"@id":"https:\/\/van-thienen.be\/#\/schema\/logo\/image\/"}}]}},"_links":{"self":[{"href":"http:\/\/van-thienen.be\/fr\/wp-json\/wp\/v2\/pages\/6582"}],"collection":[{"href":"http:\/\/van-thienen.be\/fr\/wp-json\/wp\/v2\/pages"}],"about":[{"href":"http:\/\/van-thienen.be\/fr\/wp-json\/wp\/v2\/types\/page"}],"author":[{"embeddable":true,"href":"http:\/\/van-thienen.be\/fr\/wp-json\/wp\/v2\/users\/1"}],"replies":[{"embeddable":true,"href":"http:\/\/van-thienen.be\/fr\/wp-json\/wp\/v2\/comments?post=6582"}],"version-history":[{"count":5,"href":"http:\/\/van-thienen.be\/fr\/wp-json\/wp\/v2\/pages\/6582\/revisions"}],"predecessor-version":[{"id":6616,"href":"http:\/\/van-thienen.be\/fr\/wp-json\/wp\/v2\/pages\/6582\/revisions\/6616"}],"wp:attachment":[{"href":"http:\/\/van-thienen.be\/fr\/wp-json\/wp\/v2\/media?parent=6582"}],"curies":[{"name":"wp","href":"https:\/\/api.w.org\/{rel}","templated":true}]}}