{"id":6574,"date":"2024-03-19T12:27:15","date_gmt":"2024-03-19T12:27:15","guid":{"rendered":"https:\/\/van-thienen.be\/?page_id=6574"},"modified":"2024-03-21T06:35:26","modified_gmt":"2024-03-21T06:35:26","slug":"privacy","status":"publish","type":"page","link":"http:\/\/van-thienen.be\/fr\/confidentialite\/","title":{"rendered":"Politique de confidentialit\u00e9"},"content":{"rendered":"<div class=\"wpb-content-wrapper\"><div class=\"vc_row wpb_row vc_row-fluid wpb_animate_when_almost_visible wpb_fadeInUpShort fadeInUpShort vc_row-o-equal-height vc_row-o-content-middle vc_row-flex\"><div class=\"wpb_column vc_column_container vc_col-sm-2\"><div class=\"vc_column-inner\"><div class=\"wpb_wrapper\"><\/div><\/div><\/div><div class=\"wpb_column vc_column_container vc_col-sm-8\"><div class=\"vc_column-inner\"><div class=\"wpb_wrapper\"><div class=\"ult-spacer spacer-69de915fdfaca\" data-id=\"69de915fdfaca\" data-height=\"120\" data-height-mobile=\"80\" data-height-tab=\"\" data-height-tab-portrait=\"120\" data-height-mobile-landscape=\"80\" style=\"clear:both;display:block;\"><\/div><div class=\"vc_empty_space\"   style=\"height: 20px\"><span class=\"vc_empty_space_inner\"><\/span><\/div><div id=\"ultimate-heading-341569de915fdfcf7\" class=\"uvc-heading ult-adjust-bottom-margin ultimate-heading-341569de915fdfcf7 uvc-5327\" data-hspacer=\"no_spacer\"  data-halign=\"center\" style=\"text-align:center\"><div class=\"uvc-heading-spacer no_spacer\" style=\"top\"><\/div><div class=\"uvc-main-heading ult-responsive\"  data-ultimate-target='.uvc-heading.ultimate-heading-341569de915fdfcf7 h2'  data-responsive-json-new='{\"font-size\":\"desktop:72px;tablet_portrait:60px;mobile_landscape:45px;mobile:40px;\",\"line-height\":\"desktop:80px;tablet_portrait:70px;mobile_landscape:55px;mobile:50px;\"}' ><h2 style=\"font-family:&#039;Josefin Sans&#039;;font-weight:bold;color:#111111;\">Politique de confidentialit\u00e9<\/h2><\/div><\/div><div class=\"ult-spacer spacer-69de915fdfd20\" data-id=\"69de915fdfd20\" data-height=\"120\" data-height-mobile=\"80\" data-height-tab=\"\" data-height-tab-portrait=\"120\" data-height-mobile-landscape=\"80\" style=\"clear:both;display:block;\"><\/div><\/div><\/div><\/div><div class=\"wpb_column vc_column_container vc_col-sm-2\"><div class=\"vc_column-inner\"><div class=\"wpb_wrapper\"><\/div><\/div><\/div><\/div><div class=\"vc_row wpb_row vc_row-fluid link-size\"><div class=\"wpb_column vc_column_container vc_col-sm-12\"><div class=\"vc_column-inner\"><div class=\"wpb_wrapper\">\n\t<div class=\"wpb_text_column wpb_content_element\" >\n\t\t<div class=\"wpb_wrapper\">\n\t\t\t<p><i>AVERTISSEMENT : Veuillez noter que la version linguistique officielle de cette politique est exclusivement en anglais. En cas de divergences ou d'\u00e9carts d'interpr\u00e9tation entre la version anglaise et les \u00e9ventuelles traductions, la version anglaise qui pr\u00e9vaut. Cette mesure est prise afin de garantir une uniformit\u00e9 et d'\u00e9viter toute confusion qui pourrait survenir du fait des diff\u00e9rences linguistiques. Cette d\u00e9claration de confidentialit\u00e9 a \u00e9t\u00e9 mise \u00e0 jour pour la derni\u00e8re fois le 19 mars 2024 et s'applique aux citoyens et aux r\u00e9sidents permanents l\u00e9gaux de l'Espace \u00e9conomique europ\u00e9en et de la Suisse.<\/i><\/p>\n<p>In this privacy statement, we explain what we do with the data we obtain about you via\u00a0<a href=\"http:\/\/van-thienen.be\/fr\/\">https:\/\/van-thienen.be<\/a>. We recommend you carefully read this statement. In our processing we comply with the requirements of privacy legislation. That means, among other things, that:<\/p>\n<p>we clearly state the purposes for which we process personal data. We do this by means of this privacy statement;<\/p>\n<p>we aim to limit our collection of personal data to only the personal data required for legitimate purposes;<\/p>\n<p>we first request your explicit consent to process your personal data in cases requiring your consent;<\/p>\n<p>nous prenons des mesures de s\u00e9curit\u00e9 appropri\u00e9es pour prot\u00e9ger vos donn\u00e9es personnelles et exigeons \u00e9galement cela des parties qui traitent les donn\u00e9es personnelles en notre nom ;<\/p>\n<p>we respect your right to access your personal data or have it corrected or deleted, at your request.<\/p>\n<p>If you have any questions, or want to know exactly what data we keep of you, please contact us.<\/p>\n<p>&nbsp;<\/p>\n<p>1. Purpose, data and retention period<\/p>\n<p>We may collect or receive personal information for a number of purposes connected with our business operations which may include the following :<\/p>\n<p>&#8211; Contact &#8211; Through phone, mail, email and\/or webforms<\/p>\n<p>&#8211; Newsletters<\/p>\n<p>&nbsp;<\/p>\n<p>2- Cookies<\/p>\n<p>Our website uses cookies. For more information about cookies, please refer to our\u00a0<a href=\"https:\/\/van-thienen.be\/fr\/cookie\/\">Cookie Policy<\/a>.<\/p>\n<p>&nbsp;<\/p>\n<p>3. Disclosure practices<\/p>\n<p>We disclose personal information if we are required by law or by a court order, in response to a law enforcement agency, to the extent permitted under other provisions of law, to provide information, or for an investigation on a matter related to public safety.<\/p>\n<p>If our website or organisation is taken over, sold, or involved in a merger or acquisition, your details may be disclosed to our advisers and any prospective purchasers and will be passed on to the new owners.<\/p>\n<p>We have concluded a data Processing Agreement with Google.<\/p>\n<p>&nbsp;<\/p>\n<p>4. Security<\/p>\n<p>We are committed to the security of personal data. We take appropriate security measures to limit abuse of and unauthorised access to personal data. This ensures that only the necessary persons have access to your data, that access to the data is protected, and that our security measures are regularly reviewed.<\/p>\n<p>&nbsp;<\/p>\n<p>5. Third-party websites<\/p>\n<p>This privacy statement does not apply to third-party websites connected by links on our website. We cannot guarantee that these third parties handle your personal data in a reliable or secure manner. We recommend you read the privacy statements of these websites prior to making use of these websites.<\/p>\n<p>&nbsp;<\/p>\n<p>6. Amendments to this privacy statement<\/p>\n<p>We reserve the right to make amendments to this privacy statement. It is recommended that you consult this privacy statement regularly in order to be aware of any changes. In addition, we will actively inform you wherever possible.<\/p>\n<p>&nbsp;<\/p>\n<p>7. Accessing and modifying your data<\/p>\n<p>If you have any questions or want to know which personal data we have about you, please contact us. You can contact us by using the information below. You have the following rights:<\/p>\n<p>You have the right to know why your personal data is needed, what will happen to it, and how long it will be retained for.<\/p>\n<p>Right of access: You have the right to access your personal data that is known to us.<\/p>\n<p>Right to rectification: you have the right to supplement, correct, have deleted or blocked your personal data whenever you wish.<\/p>\n<p>If you give us your consent to process your data, you have the right to revoke that consent and to have your personal data deleted.<\/p>\n<p>Right to transfer your data: you have the right to request all your personal data from the controller and transfer it in its entirety to another controller.<\/p>\n<p>Right to object: you may object to the processing of your data. We comply with this, unless there are justified grounds for processing.<\/p>\n<p>Please make sure to always clearly state who you are, so that we can be certain that we do not modify or delete any data of the wrong person.<\/p>\n<p>&nbsp;<\/p>\n<p>8. Submitting a complaint<\/p>\n<p>If you are not satisfied with the way in which we handle (a complaint about) the processing of your personal data, you have the right to submit a complaint to the Data Protection Authority.<\/p>\n<p>&nbsp;<\/p>\n<p>9. Contact details<\/p>\n<p>VAN THIENEN SRL<br \/>\n28 Rue de L&#8217;Enclume, 1210 SAINT-JOSSE-TEN-NODE<br \/>\nBelgique<br \/>\nWebsite:\u00a0<a href=\"http:\/\/van-thienen.be\/fr\/\">https:\/\/van-thienen.be<\/a><br \/>\nEmail: contact@van-thienen.be<br \/>\nPhone number: +32 2 230 27 16<\/p>\n\n\t\t<\/div>\n\t<\/div>\n<\/div><\/div><\/div><\/div><div class=\"vc_row wpb_row vc_row-fluid\"><div class=\"wpb_column vc_column_container vc_col-sm-12\"><div class=\"vc_column-inner\"><div class=\"wpb_wrapper\"><div class=\"vc_empty_space\"   style=\"height: 100px\"><span class=\"vc_empty_space_inner\"><\/span><\/div><\/div><\/div><\/div><\/div>\n<\/div>","protected":false},"excerpt":{"rendered":"Privacy Policy This privacy statement was last updated on 19 March 2024 and applies to citizens and legal permanent residents of the European Economic Area and Switzerland. In this privacy statement, we explain what we do with the data we obtain about you via\u00a0https:\/\/van-thienen.be. We recommend you carefully read this statement. In our processing we [...]","protected":false},"author":1,"featured_media":0,"parent":0,"menu_order":0,"comment_status":"closed","ping_status":"closed","template":"page.php","meta":{"footnotes":""},"yoast_head":"<!-- This site is optimized with the Yoast SEO Premium plugin v20.5 (Yoast SEO v23.3) - https:\/\/yoast.com\/wordpress\/plugins\/seo\/ -->\n<title>Privacy Policy | Van Thienen<\/title>\n<meta name=\"robots\" content=\"index, follow, max-snippet:-1, max-image-preview:large, max-video-preview:-1\" \/>\n<link rel=\"canonical\" href=\"http:\/\/van-thienen.be\/fr\/confidentialite\/\" \/>\n<meta property=\"og:locale\" content=\"fr_FR\" \/>\n<meta property=\"og:type\" content=\"article\" \/>\n<meta property=\"og:title\" content=\"Privacy Policy\" \/>\n<meta property=\"og:url\" content=\"http:\/\/van-thienen.be\/fr\/confidentialite\/\" \/>\n<meta property=\"og:site_name\" content=\"Van Thienen\" \/>\n<meta property=\"article:modified_time\" content=\"2024-03-21T06:35:26+00:00\" \/>\n<meta name=\"twitter:card\" content=\"summary_large_image\" \/>\n<meta name=\"twitter:label1\" content=\"Dur\u00e9e de lecture est.\" \/>\n\t<meta name=\"twitter:data1\" content=\"5 minutes\" \/>\n<script type=\"application\/ld+json\" class=\"yoast-schema-graph\">{\"@context\":\"https:\/\/schema.org\",\"@graph\":[{\"@type\":\"WebPage\",\"@id\":\"https:\/\/van-thienen.be\/privacy\/\",\"url\":\"https:\/\/van-thienen.be\/privacy\/\",\"name\":\"Privacy Policy | Van Thienen\",\"isPartOf\":{\"@id\":\"https:\/\/van-thienen.be\/#website\"},\"datePublished\":\"2024-03-19T12:27:15+00:00\",\"dateModified\":\"2024-03-21T06:35:26+00:00\",\"breadcrumb\":{\"@id\":\"https:\/\/van-thienen.be\/privacy\/#breadcrumb\"},\"inLanguage\":\"fr-BE\",\"potentialAction\":[{\"@type\":\"ReadAction\",\"target\":[\"https:\/\/van-thienen.be\/privacy\/\"]}]},{\"@type\":\"BreadcrumbList\",\"@id\":\"https:\/\/van-thienen.be\/privacy\/#breadcrumb\",\"itemListElement\":[{\"@type\":\"ListItem\",\"position\":1,\"name\":\"Home\",\"item\":\"https:\/\/van-thienen.be\/\"},{\"@type\":\"ListItem\",\"position\":2,\"name\":\"Privacy Policy\"}]},{\"@type\":\"WebSite\",\"@id\":\"https:\/\/van-thienen.be\/#website\",\"url\":\"https:\/\/van-thienen.be\/\",\"name\":\"Van Thienen\",\"description\":\"The Haute Couture of Framing\",\"publisher\":{\"@id\":\"https:\/\/van-thienen.be\/#organization\"},\"potentialAction\":[{\"@type\":\"SearchAction\",\"target\":{\"@type\":\"EntryPoint\",\"urlTemplate\":\"https:\/\/van-thienen.be\/?s={search_term_string}\"},\"query-input\":\"required name=search_term_string\"}],\"inLanguage\":\"fr-BE\"},{\"@type\":\"Organization\",\"@id\":\"https:\/\/van-thienen.be\/#organization\",\"name\":\"VAN THIENEN SRL\",\"url\":\"https:\/\/van-thienen.be\/\",\"logo\":{\"@type\":\"ImageObject\",\"inLanguage\":\"fr-BE\",\"@id\":\"https:\/\/van-thienen.be\/#\/schema\/logo\/image\/\",\"url\":\"https:\/\/van-thienen.be\/wp-content\/uploads\/2024\/01\/Footer-Logo-1.png\",\"contentUrl\":\"https:\/\/van-thienen.be\/wp-content\/uploads\/2024\/01\/Footer-Logo-1.png\",\"width\":72,\"height\":65,\"caption\":\"VAN THIENEN SRL\"},\"image\":{\"@id\":\"https:\/\/van-thienen.be\/#\/schema\/logo\/image\/\"}}]}<\/script>\n<!-- \/ Yoast SEO Premium plugin. -->","yoast_head_json":{"title":"Privacy Policy | Van Thienen","robots":{"index":"index","follow":"follow","max-snippet":"max-snippet:-1","max-image-preview":"max-image-preview:large","max-video-preview":"max-video-preview:-1"},"canonical":"http:\/\/van-thienen.be\/fr\/confidentialite\/","og_locale":"fr_FR","og_type":"article","og_title":"Privacy Policy","og_url":"http:\/\/van-thienen.be\/fr\/confidentialite\/","og_site_name":"Van Thienen","article_modified_time":"2024-03-21T06:35:26+00:00","twitter_card":"summary_large_image","twitter_misc":{"Dur\u00e9e de lecture est.":"5 minutes"},"schema":{"@context":"https:\/\/schema.org","@graph":[{"@type":"WebPage","@id":"https:\/\/van-thienen.be\/privacy\/","url":"https:\/\/van-thienen.be\/privacy\/","name":"Privacy Policy | Van Thienen","isPartOf":{"@id":"https:\/\/van-thienen.be\/#website"},"datePublished":"2024-03-19T12:27:15+00:00","dateModified":"2024-03-21T06:35:26+00:00","breadcrumb":{"@id":"https:\/\/van-thienen.be\/privacy\/#breadcrumb"},"inLanguage":"fr-BE","potentialAction":[{"@type":"ReadAction","target":["https:\/\/van-thienen.be\/privacy\/"]}]},{"@type":"BreadcrumbList","@id":"https:\/\/van-thienen.be\/privacy\/#breadcrumb","itemListElement":[{"@type":"ListItem","position":1,"name":"Home","item":"https:\/\/van-thienen.be\/"},{"@type":"ListItem","position":2,"name":"Privacy Policy"}]},{"@type":"WebSite","@id":"https:\/\/van-thienen.be\/#website","url":"https:\/\/van-thienen.be\/","name":"Van Thienen","description":"The Haute Couture of Framing","publisher":{"@id":"https:\/\/van-thienen.be\/#organization"},"potentialAction":[{"@type":"SearchAction","target":{"@type":"EntryPoint","urlTemplate":"https:\/\/van-thienen.be\/?s={search_term_string}"},"query-input":"required name=search_term_string"}],"inLanguage":"fr-BE"},{"@type":"Organization","@id":"https:\/\/van-thienen.be\/#organization","name":"VAN THIENEN SRL","url":"https:\/\/van-thienen.be\/","logo":{"@type":"ImageObject","inLanguage":"fr-BE","@id":"https:\/\/van-thienen.be\/#\/schema\/logo\/image\/","url":"https:\/\/van-thienen.be\/wp-content\/uploads\/2024\/01\/Footer-Logo-1.png","contentUrl":"https:\/\/van-thienen.be\/wp-content\/uploads\/2024\/01\/Footer-Logo-1.png","width":72,"height":65,"caption":"VAN THIENEN SRL"},"image":{"@id":"https:\/\/van-thienen.be\/#\/schema\/logo\/image\/"}}]}},"_links":{"self":[{"href":"http:\/\/van-thienen.be\/fr\/wp-json\/wp\/v2\/pages\/6574"}],"collection":[{"href":"http:\/\/van-thienen.be\/fr\/wp-json\/wp\/v2\/pages"}],"about":[{"href":"http:\/\/van-thienen.be\/fr\/wp-json\/wp\/v2\/types\/page"}],"author":[{"embeddable":true,"href":"http:\/\/van-thienen.be\/fr\/wp-json\/wp\/v2\/users\/1"}],"replies":[{"embeddable":true,"href":"http:\/\/van-thienen.be\/fr\/wp-json\/wp\/v2\/comments?post=6574"}],"version-history":[{"count":8,"href":"http:\/\/van-thienen.be\/fr\/wp-json\/wp\/v2\/pages\/6574\/revisions"}],"predecessor-version":[{"id":6615,"href":"http:\/\/van-thienen.be\/fr\/wp-json\/wp\/v2\/pages\/6574\/revisions\/6615"}],"wp:attachment":[{"href":"http:\/\/van-thienen.be\/fr\/wp-json\/wp\/v2\/media?parent=6574"}],"curies":[{"name":"wp","href":"https:\/\/api.w.org\/{rel}","templated":true}]}}